{"id":396,"date":"2021-04-28T13:45:48","date_gmt":"2021-04-28T11:45:48","guid":{"rendered":"https:\/\/www.swissmedhemp.com\/sk\/?post_type=product&#038;p=396"},"modified":"2024-10-17T15:52:52","modified_gmt":"2024-10-17T13:52:52","slug":"10-cbd-broad-spectrum-pre-zvierata","status":"publish","type":"product","link":"https:\/\/www.swissmedhemp.com\/sk\/produkt\/10-cbd-broad-spectrum-pre-zvierata\/","title":{"rendered":"10% CBD Broad Spectrum pre zvierat\u00e1"},"content":{"rendered":"<p>SwissMEDHEMP si zaklad\u00e1 na kvalite svojich v\u00fdrobkov a preto na\u0161e oleje s\u00fa extrahovan\u00e9 z konope pestovan\u00e9ho vo \u0160vaj\u010diarsku a Sard\u00edniou bez pou\u017eitia pestic\u00eddov a herbic\u00eddov aby sp\u013a\u0148ali \u010do najvy\u0161\u0161iu kvalitu. Jedn\u00e1 sa o pr\u00e9miov\u00e9 \u0160vaj\u010diarskej broad spectrum CBD, pri\u010dom pri v\u00fdrobe bol pou\u017eit\u00fd aj MCT olej, ktor\u00fd je pova\u017eovan\u00fd za najlep\u0161\u00ed pou\u017eitia pri CBD olejoch, preto\u017ee umo\u017e\u0148uje r\u00fdchlej\u0161ie a jednoduch\u0161ie vstreb\u00e1vanie v tele. Doplnen\u00e9 o hov\u00e4dzie pr\u00edchu\u0165 aby Va\u0161im dom\u00e1cim mil\u00e1\u010dikom na\u0161e oleja viac chutili.<\/p>\n<p>Omega-3 mastn\u00e9 kyseliny pre zdrav\u00fa ko\u017eu a srs\u0165 a pr\u00edrodn\u00e9 antioxidanty, ktor\u00e9 posil\u0148uj\u00fa a udr\u017euj\u00fa im\u00fanny syst\u00e9m v zdrav\u00ed<\/p>\n<p><strong>Zlo\u017eenie:<\/strong> Za studena lisovan\u00fd olej z konopn\u00fdch semien, MCT, Hov\u00e4dzie extrakt, Konopn\u00fd extract CO2, CBD-kanabidiol (1000mg) a v\u0161etky ostatn\u00e9 kanabinoidy v stopovom mno\u017estve, THC free.<\/p>\n<p>Nepsychoakt\u00edvna l\u00e1tka. Neexistuje riziko pred\u00e1vkovania. U CBD nie s\u00fa preuk\u00e1zan\u00e9 \u017eiadne ved\u013eaj\u0161ie \u00fa\u010dinky. Bez pridania umel\u00fdch pr\u00edsad.<\/p>\n<p><strong>Odpor\u00fa\u010dan\u00e1 denn\u00e1 d\u00e1vka:<\/strong> 1-3 kvapky. Pod\u00e1vajte r\u00e1no Alebo ve\u010der, \u010falej pod\u013ea potreby. Ukladajte mimo dosahu det\u00ed. Skladujte na tmavom a suchom mieste. Pred pou\u017eit\u00edm d\u00f4kladne pretrepa\u0165.<\/p>\n","protected":false},"excerpt":{"rendered":"<p>Obsah fla\u0161ti\u010dky &#8211; 10ml \/ 270 kvapiek<\/p>\n<p>Obsah CBD \u2013 1000mg \/ 3,70mg kvapka<\/p>\n<p>Vyroben\u00e9 vo \u0160vaj\u010diarsku.<\/p>\n","protected":false},"featured_media":340,"comment_status":"open","ping_status":"closed","template":"","meta":{"neve_meta_sidebar":"","neve_meta_container":"","neve_meta_enable_content_width":"off","neve_meta_content_width":70,"neve_meta_title_alignment":"","neve_meta_author_avatar":"","neve_post_elements_order":"","neve_meta_disable_header":"","neve_meta_disable_footer":"","neve_meta_disable_title":"","neve_meta_reading_time":"","_themeisle_gutenberg_block_has_review":false},"product_brand":[],"product_cat":[22],"product_tag":[],"class_list":{"0":"post-396","1":"product","2":"type-product","3":"status-publish","4":"has-post-thumbnail","6":"product_cat-cbd-pet","8":"first","9":"instock","10":"taxable","11":"shipping-taxable","12":"purchasable","13":"product-type-simple"},"aioseo_notices":[],"_links":{"self":[{"href":"https:\/\/www.swissmedhemp.com\/sk\/wp-json\/wp\/v2\/product\/396","targetHints":{"allow":["GET"]}}],"collection":[{"href":"https:\/\/www.swissmedhemp.com\/sk\/wp-json\/wp\/v2\/product"}],"about":[{"href":"https:\/\/www.swissmedhemp.com\/sk\/wp-json\/wp\/v2\/types\/product"}],"replies":[{"embeddable":true,"href":"https:\/\/www.swissmedhemp.com\/sk\/wp-json\/wp\/v2\/comments?post=396"}],"wp:featuredmedia":[{"embeddable":true,"href":"https:\/\/www.swissmedhemp.com\/sk\/wp-json\/wp\/v2\/media\/340"}],"wp:attachment":[{"href":"https:\/\/www.swissmedhemp.com\/sk\/wp-json\/wp\/v2\/media?parent=396"}],"wp:term":[{"taxonomy":"product_brand","embeddable":true,"href":"https:\/\/www.swissmedhemp.com\/sk\/wp-json\/wp\/v2\/product_brand?post=396"},{"taxonomy":"product_cat","embeddable":true,"href":"https:\/\/www.swissmedhemp.com\/sk\/wp-json\/wp\/v2\/product_cat?post=396"},{"taxonomy":"product_tag","embeddable":true,"href":"https:\/\/www.swissmedhemp.com\/sk\/wp-json\/wp\/v2\/product_tag?post=396"}],"curies":[{"name":"wp","href":"https:\/\/api.w.org\/{rel}","templated":true}]}}