{"id":378,"date":"2021-04-28T13:27:58","date_gmt":"2021-04-28T11:27:58","guid":{"rendered":"https:\/\/www.swissmedhemp.com\/sk\/?post_type=product&#038;p=378"},"modified":"2025-11-02T05:51:00","modified_gmt":"2025-11-02T04:51:00","slug":"10-cbd-full-spectrum","status":"publish","type":"product","link":"https:\/\/www.swissmedhemp.com\/sk\/produkt\/10-cbd-full-spectrum\/","title":{"rendered":"10% CBD Full Spectrum"},"content":{"rendered":"<p>SwissMEDHEMP si zaklad\u00e1 na kvalite svojich v\u00fdrobkov a preto na\u0161e oleje s\u00fa extrahovan\u00e9 z konope pestovan\u00e9ho vo \u0160vaj\u010diarsku a Sard\u00edniou bez pou\u017eitia pestic\u00eddov a herbic\u00eddov aby sp\u013a\u0148ali \u010do najvy\u0161\u0161iu kvalitu. Jedn\u00e1 sa o pr\u00e9miov\u00e9 \u0160vaj\u010diarskej full spectrum CBD, pri\u010dom pri v\u00fdrobe bol pou\u017eit\u00fd aj MCT olej, ktor\u00fd je pova\u017eovan\u00fd za najlep\u0161\u00ed pou\u017eitia pri CBD olejoch, preto\u017ee umo\u017e\u0148uje r\u00fdchlej\u0161ie a jednoduch\u0161ie vstreb\u00e1vanie v tele.<\/p>\n<p><strong>Zlo\u017eenie:<\/strong> Za studena lisovan\u00fd olej z konopn\u00fdch semien, MCT, Konopn\u00fd extract CO2, CBD-kanabidiol (1000mg) a v\u0161etky ostatn\u00e9 kanabinoidy v stopovom mno\u017estve, THC free.<\/p>\n<p>Nepsychoakt\u00edvna l\u00e1tka. Bez pridania umel\u00fdch pr\u00edsad.<\/p>\n<p><strong>Odpor\u00fa\u010dan\u00e1 denn\u00e1 d\u00e1vka:<\/strong> 1-3 kvapky. Neprekra\u010dova\u0165 denn\u00e9 odpor\u00fa\u010dan\u00e9 d\u00e1vkovanie. Ukladajte mimo dosahu det\u00ed. Skladujte na tmavom a suchom mieste. Pred pou\u017eit\u00edm d\u00f4kladne pretrepa\u0165. Neodpor\u00fa\u010da sa pre tehotn\u00e9 \u017eeny.<\/p>\n","protected":false},"excerpt":{"rendered":"<p><strong>Akcia 2+1 zdarma\u00a0<\/strong><\/p>\n<p>Obsah fla\u0161ti\u010dky &#8211; 10ml \/ 270 kvapiek<\/p>\n<p>Obsah CBD \u2013 1000mg \/ 3,70 mg kvapka<\/p>\n<p>Vyroben\u00e9 vo \u0160vaj\u010diarsku.<\/p>\n","protected":false},"featured_media":3559,"comment_status":"open","ping_status":"closed","template":"","meta":{"neve_meta_sidebar":"","neve_meta_container":"","neve_meta_enable_content_width":"off","neve_meta_content_width":70,"neve_meta_title_alignment":"","neve_meta_author_avatar":"","neve_post_elements_order":"","neve_meta_disable_header":"","neve_meta_disable_footer":"","neve_meta_disable_title":"","neve_meta_reading_time":"","_themeisle_gutenberg_block_has_review":false},"product_brand":[],"product_cat":[20],"product_tag":[],"class_list":{"0":"post-378","1":"product","2":"type-product","3":"status-publish","4":"has-post-thumbnail","6":"product_cat-cbd-health","8":"first","9":"instock","10":"taxable","11":"shipping-taxable","12":"purchasable","13":"product-type-simple"},"aioseo_notices":[],"_links":{"self":[{"href":"https:\/\/www.swissmedhemp.com\/sk\/wp-json\/wp\/v2\/product\/378","targetHints":{"allow":["GET"]}}],"collection":[{"href":"https:\/\/www.swissmedhemp.com\/sk\/wp-json\/wp\/v2\/product"}],"about":[{"href":"https:\/\/www.swissmedhemp.com\/sk\/wp-json\/wp\/v2\/types\/product"}],"replies":[{"embeddable":true,"href":"https:\/\/www.swissmedhemp.com\/sk\/wp-json\/wp\/v2\/comments?post=378"}],"wp:featuredmedia":[{"embeddable":true,"href":"https:\/\/www.swissmedhemp.com\/sk\/wp-json\/wp\/v2\/media\/3559"}],"wp:attachment":[{"href":"https:\/\/www.swissmedhemp.com\/sk\/wp-json\/wp\/v2\/media?parent=378"}],"wp:term":[{"taxonomy":"product_brand","embeddable":true,"href":"https:\/\/www.swissmedhemp.com\/sk\/wp-json\/wp\/v2\/product_brand?post=378"},{"taxonomy":"product_cat","embeddable":true,"href":"https:\/\/www.swissmedhemp.com\/sk\/wp-json\/wp\/v2\/product_cat?post=378"},{"taxonomy":"product_tag","embeddable":true,"href":"https:\/\/www.swissmedhemp.com\/sk\/wp-json\/wp\/v2\/product_tag?post=378"}],"curies":[{"name":"wp","href":"https:\/\/api.w.org\/{rel}","templated":true}]}}