{"id":2345,"date":"2023-04-03T15:00:03","date_gmt":"2023-04-03T13:00:03","guid":{"rendered":"https:\/\/www.swissmedhemp.com\/sk\/?post_type=product&#038;p=2345"},"modified":"2024-10-17T15:50:11","modified_gmt":"2024-10-17T13:50:11","slug":"cbd-cartridge-s-baterkou-og-kush","status":"publish","type":"product","link":"https:\/\/www.swissmedhemp.com\/sk\/produkt\/cbd-cartridge-s-baterkou-og-kush\/","title":{"rendered":"CBD cartridge s baterkou OG Kush"},"content":{"rendered":"<p><strong>Neobsahuje \u017eiadne THC!<\/strong><\/p>\n<p>Obsah cartridge: 1ml<\/p>\n<p>Zlo\u017eenie: 95% FullSpectrum CBD, 5% terpen<\/p>\n<p><em>* Tento produkt nie je ur\u010den\u00fd na faj\u010denie. Produkt je v s\u00falade so z\u00e1konom \u00a7 5 \u010d. 167\/1998 Z Z\u010cR. Je ur\u010den\u00fd k \u00fa\u010delom priemyseln\u00fdm, technick\u00fdm, z\u00e1hradn\u00edckym alebo na zberate\u013esk\u00e9 \u00fa\u010dely. V\u00fdrobok nie je vhodn\u00fd pre osoby do 18 rokov.<\/em><\/p>\n","protected":false},"excerpt":{"rendered":"<p>Vhodn\u00e9 na uvo\u013enenie stresu a nap\u00e4tia. Navodenie pr\u00edjemn\u00fdch pocitov pokoja a relax\u00e1cie spojen\u00e9 s ve\u013ekou ment\u00e1lnou a spolo\u010denskou aktivitou.<\/p>\n","protected":false},"featured_media":2266,"comment_status":"open","ping_status":"closed","template":"","meta":{"neve_meta_sidebar":"","neve_meta_container":"","neve_meta_enable_content_width":"off","neve_meta_content_width":70,"neve_meta_title_alignment":"","neve_meta_author_avatar":"","neve_post_elements_order":"","neve_meta_disable_header":"","neve_meta_disable_footer":"","neve_meta_disable_title":"","neve_meta_reading_time":"","_themeisle_gutenberg_block_has_review":false},"product_brand":[],"product_cat":[31],"product_tag":[],"class_list":{"0":"post-2345","1":"product","2":"type-product","3":"status-publish","4":"has-post-thumbnail","6":"product_cat-cbd-cartridge","8":"first","9":"instock","10":"taxable","11":"shipping-taxable","12":"purchasable","13":"product-type-simple"},"aioseo_notices":[],"_links":{"self":[{"href":"https:\/\/www.swissmedhemp.com\/sk\/wp-json\/wp\/v2\/product\/2345","targetHints":{"allow":["GET"]}}],"collection":[{"href":"https:\/\/www.swissmedhemp.com\/sk\/wp-json\/wp\/v2\/product"}],"about":[{"href":"https:\/\/www.swissmedhemp.com\/sk\/wp-json\/wp\/v2\/types\/product"}],"replies":[{"embeddable":true,"href":"https:\/\/www.swissmedhemp.com\/sk\/wp-json\/wp\/v2\/comments?post=2345"}],"wp:featuredmedia":[{"embeddable":true,"href":"https:\/\/www.swissmedhemp.com\/sk\/wp-json\/wp\/v2\/media\/2266"}],"wp:attachment":[{"href":"https:\/\/www.swissmedhemp.com\/sk\/wp-json\/wp\/v2\/media?parent=2345"}],"wp:term":[{"taxonomy":"product_brand","embeddable":true,"href":"https:\/\/www.swissmedhemp.com\/sk\/wp-json\/wp\/v2\/product_brand?post=2345"},{"taxonomy":"product_cat","embeddable":true,"href":"https:\/\/www.swissmedhemp.com\/sk\/wp-json\/wp\/v2\/product_cat?post=2345"},{"taxonomy":"product_tag","embeddable":true,"href":"https:\/\/www.swissmedhemp.com\/sk\/wp-json\/wp\/v2\/product_tag?post=2345"}],"curies":[{"name":"wp","href":"https:\/\/api.w.org\/{rel}","templated":true}]}}