{"id":663,"date":"2022-02-04T10:56:59","date_gmt":"2022-02-04T09:56:59","guid":{"rendered":"https:\/\/www.swissmedhemp.com\/sk\/?page_id=663"},"modified":"2022-02-08T14:41:46","modified_gmt":"2022-02-08T13:41:46","slug":"663-2","status":"publish","type":"page","link":"https:\/\/www.swissmedhemp.com\/sk\/663-2\/","title":{"rendered":"CBD \u0160t\u00fadie"},"content":{"rendered":"\n<section class=\"wp-block-themeisle-blocks-advanced-columns alignfull has-2-columns has-desktop-oneTwo-layout has-tablet-equal-layout has-mobile-collapsedRows-layout has-nogap-gap has-vertical-flex-start\" id=\"wp-block-themeisle-blocks-advanced-columns-79d6092c\"><div class=\"wp-block-themeisle-blocks-advanced-columns-overlay\"><\/div><div class=\"innerblocks-wrap\">\n<div class=\"wp-block-themeisle-blocks-advanced-column\" id=\"wp-block-themeisle-blocks-advanced-column-5dbf4be4\">\n<h2 class=\"has-text-align-left has-nv-dark-bg-color has-text-color wp-block-heading\" id=\"cbd-a-veda\">CBD a Veda<\/h2>\n\n\n\n<p class=\"has-text-align-left has-nv-dark-bg-color has-text-color\">V tejto sekcii n\u00e1jdete Vedeck\u00e9 \u010dl\u00e1nky<br>a \u0161t\u00fadie vplyvu CBD na r\u00f4zne ochorenia <\/p>\n\n\n\n<div class=\"wp-block-buttons is-layout-flex wp-block-buttons-is-layout-flex\"><\/div>\n<\/div>\n\n\n\n<div class=\"wp-block-themeisle-blocks-advanced-column\" id=\"wp-block-themeisle-blocks-advanced-column-1e9129b1\">\n<section class=\"wp-block-themeisle-blocks-advanced-columns has-2-columns has-desktop-equal-layout has-tablet-equal-layout has-mobile-collapsedRows-layout has-wide-gap has-vertical-center\" id=\"wp-block-themeisle-blocks-advanced-columns-200149bb\"><div class=\"wp-block-themeisle-blocks-advanced-columns-overlay\"><\/div><div class=\"innerblocks-wrap\">\n<div class=\"wp-block-themeisle-blocks-advanced-column ticss-0b8cfad8\" id=\"wp-block-themeisle-blocks-advanced-column-77bdd628\">\n<h3 class=\"has-text-align-left wp-block-heading\" id=\"column-title\"><a href=\"https:\/\/www.swissmedhemp.com\/sk\/wp-content\/uploads\/sites\/2\/2022\/02\/cbd_a_covid19.pdf\" target=\"_blank\" rel=\"noreferrer noopener\" title=\"CBD a COVID 19\">CBD a COVID 19<\/a><\/h3>\n\n\n\n<p class=\"has-text-align-left\">\u0160t\u00fadia zaoberaj\u00faca sa CBD a jeho vplyvy na \u0165a\u017ek\u00fd priebeh COVID19, a potencion\u00e1lnu prevenciu vo\u010di COVID19.     <\/p>\n<\/div>\n\n\n\n<div class=\"wp-block-themeisle-blocks-advanced-column\" id=\"wp-block-themeisle-blocks-advanced-column-48c857fd\">\n<h3 class=\"has-text-align-left wp-block-heading\" id=\"column-title\"><a href=\"https:\/\/www.swissmedhemp.com\/sk\/wp-content\/uploads\/sites\/2\/2022\/02\/cbd_a_depresia.pdf\" target=\"_blank\" rel=\"noreferrer noopener\" title=\"CBD depresia a \u00fazkosti\">CBD depresia a \u00fazkosti<\/a><\/h3>\n\n\n\n<p class=\"has-text-align-left\">\u0160t\u00fadia zaoberaj\u00faca sa potencion\u00e1lnym vyu\u017eit\u00fdm CBD na pomoc pri depres\u00edvnych poruch\u00e1ch, \u00fazkostn\u00fdch stavoch, PTSD.  <\/p>\n<\/div>\n<\/div><\/section>\n\n\n\n<section class=\"wp-block-themeisle-blocks-advanced-columns has-2-columns has-desktop-equal-layout has-tablet-equal-layout has-mobile-collapsedRows-layout has-nogap-gap has-vertical-center\" id=\"wp-block-themeisle-blocks-advanced-columns-df2c4822\"><div class=\"wp-block-themeisle-blocks-advanced-columns-overlay\"><\/div><div class=\"innerblocks-wrap\">\n<div class=\"wp-block-themeisle-blocks-advanced-column\" id=\"wp-block-themeisle-blocks-advanced-column-32854ca4\">\n<h3 class=\"has-text-align-left wp-block-heading\" id=\"column-title\"><a href=\"https:\/\/www.swissmedhemp.com\/sk\/wp-content\/uploads\/sites\/2\/2022\/02\/cbd_a_spanok.pdf\" target=\"_blank\" rel=\"noreferrer noopener\" title=\"CBD a vplyv na sp\u00e1nok\">CBD a vplyv na sp\u00e1nok<\/a><\/h3>\n\n\n\n<p class=\"has-text-align-left\">\u0160t\u00fadia zaoberaj\u00faca sa vplyvov CBD na zlep\u0161enie sp\u00e1nku.<\/p>\n<\/div>\n\n\n\n<div class=\"wp-block-themeisle-blocks-advanced-column\" id=\"wp-block-themeisle-blocks-advanced-column-5c2eb79b\">\n<h3 class=\"has-text-align-left wp-block-heading\" id=\"column-title\"><a href=\"https:\/\/www.swissmedhemp.com\/sk\/wp-content\/uploads\/sites\/2\/2022\/02\/cbd_a_stres_1.pdf\" target=\"_blank\" rel=\"noreferrer noopener\" title=\"CBD a stres\">CBD a stres<\/a><\/h3>\n\n\n\n<p class=\"has-text-align-left\">\u0160t\u00fadia zaoberaj\u00faca sa vplyvom CBD na zmiernenie stresu a \u00fazkosti.<\/p>\n<\/div>\n<\/div><\/section>\n<\/div>\n<\/div><\/section>\n\n\n\n<section class=\"wp-block-themeisle-blocks-advanced-columns alignfull has-2-columns has-desktop-equal-layout has-tablet-collapsedRows-layout has-mobile-collapsedRows-layout has-nogap-gap has-vertical-flex-start\" id=\"wp-block-themeisle-blocks-advanced-columns-69940be8\"><div class=\"wp-block-themeisle-blocks-advanced-columns-overlay\"><\/div><div class=\"innerblocks-wrap\">\n<div class=\"wp-block-themeisle-blocks-advanced-column\" id=\"wp-block-themeisle-blocks-advanced-column-6b55fa3d\">\n<h2 class=\"has-text-align-left wp-block-heading\"> <\/h2>\n\n\n\n<p class=\"has-text-align-left\"> <\/p>\n\n\n\n<div class=\"wp-block-buttons is-layout-flex wp-block-buttons-is-layout-flex\"><\/div>\n<\/div>\n\n\n\n<div class=\"wp-block-themeisle-blocks-advanced-column\" id=\"wp-block-themeisle-blocks-advanced-column-d3c5a67e\">\n<section class=\"wp-block-themeisle-blocks-advanced-columns has-2-columns has-desktop-equal-layout has-tablet-equal-layout has-mobile-collapsedRows-layout has-wide-gap has-vertical-center\" id=\"wp-block-themeisle-blocks-advanced-columns-1b062e18\"><div class=\"wp-block-themeisle-blocks-advanced-columns-overlay\"><\/div><div class=\"innerblocks-wrap\">\n<div class=\"wp-block-themeisle-blocks-advanced-column\" id=\"wp-block-themeisle-blocks-advanced-column-1370f697\">\n<h3 class=\"has-text-align-left wp-block-heading\" id=\"column-title-1\"><a href=\"https:\/\/www.swissmedhemp.com\/sk\/wp-content\/uploads\/sites\/2\/2022\/02\/cbd_a_rakovina_1.pdf\" title=\"CBD a rakovina\">CBD a rakovina<\/a><\/h3>\n\n\n\n<p class=\"has-text-align-left\">\u0160t\u00fadia zaoberaj\u00faca sa vplyvov CBD pri lie\u010dbe rakoviny.<\/p>\n<\/div>\n\n\n\n<div class=\"wp-block-themeisle-blocks-advanced-column\" id=\"wp-block-themeisle-blocks-advanced-column-afca2010\">\n<h3 class=\"has-text-align-left wp-block-heading\" id=\"column-title-1\"><a href=\"https:\/\/www.swissmedhemp.com\/sk\/wp-content\/uploads\/sites\/2\/2022\/02\/cbd_a_akne.pdf\" title=\"CBD a akn\u00e9\">CBD a akn\u00e9<\/a><\/h3>\n\n\n\n<p class=\"has-text-align-left\">\u0160t\u00fadia zaoberaj\u00faca sa CBD a jeho protiz\u00e1palov\u00fdm \u00fa\u010dinkom.<\/p>\n<\/div>\n<\/div><\/section>\n\n\n\n<section class=\"wp-block-themeisle-blocks-advanced-columns has-2-columns has-desktop-equal-layout has-tablet-equal-layout has-mobile-collapsedRows-layout has-wide-gap has-vertical-center\" id=\"wp-block-themeisle-blocks-advanced-columns-888c9763\"><div class=\"wp-block-themeisle-blocks-advanced-columns-overlay\"><\/div><div class=\"innerblocks-wrap\">\n<div class=\"wp-block-themeisle-blocks-advanced-column\" id=\"wp-block-themeisle-blocks-advanced-column-6c1ef76c\">\n<h3 class=\"has-text-align-left wp-block-heading\" id=\"column-title-1\"><a href=\"https:\/\/www.swissmedhemp.com\/sk\/wp-content\/uploads\/sites\/2\/2022\/02\/cbd_a_ibs.pdf\" title=\"CBD a choroby tr\u00e1viaceho traktu\">CBD a choroby tr\u00e1viaceho traktu<\/a><\/h3>\n\n\n\n<p class=\"has-text-align-left\">\u0160t\u00fadia zaoberaj\u00faca sa vplyvov CBD na pomoc pri tr\u00e1viacich chorob\u00e1ch.<\/p>\n<\/div>\n\n\n\n<div class=\"wp-block-themeisle-blocks-advanced-column\" id=\"wp-block-themeisle-blocks-advanced-column-d5780c2c\">\n<h3 class=\"has-text-align-left wp-block-heading\" id=\"column-title-1\"><a href=\"https:\/\/www.swissmedhemp.com\/sk\/wp-content\/uploads\/sites\/2\/2022\/02\/cbd_a_kardiovaskularny_system.pdf\" title=\"CBD a kardiovaskul\u00e1rny syst\u00e9m\">CBD a kardiovaskul\u00e1rny syst\u00e9m<\/a><\/h3>\n\n\n\n<p class=\"has-text-align-left\">\u0160t\u00fadia zaoberaj\u00faca sa \u00fa\u010dinkom CBD pri vysokom krvnom tlaku.<\/p>\n<\/div>\n<\/div><\/section>\n<\/div>\n<\/div><\/section>\n\n\n\n<section class=\"wp-block-themeisle-blocks-advanced-columns alignfull has-2-columns has-desktop-equal-layout has-tablet-collapsedRows-layout has-mobile-collapsedRows-layout has-nogap-gap has-vertical-flex-start\" id=\"wp-block-themeisle-blocks-advanced-columns-efbcf784\"><div class=\"wp-block-themeisle-blocks-advanced-columns-overlay\"><\/div><div class=\"innerblocks-wrap\">\n<div class=\"wp-block-themeisle-blocks-advanced-column\" id=\"wp-block-themeisle-blocks-advanced-column-45cd9823\">\n<h2 class=\"has-text-align-left has-white-color has-text-color wp-block-heading\"> <\/h2>\n\n\n\n<p class=\"has-text-align-left has-white-color has-text-color\"> <\/p>\n\n\n\n<div class=\"wp-block-buttons is-layout-flex wp-block-buttons-is-layout-flex\"><\/div>\n<\/div>\n\n\n\n<div class=\"wp-block-themeisle-blocks-advanced-column\" id=\"wp-block-themeisle-blocks-advanced-column-eba105b8\">\n<section class=\"wp-block-themeisle-blocks-advanced-columns has-2-columns has-desktop-equal-layout has-tablet-equal-layout has-mobile-collapsedRows-layout has-wide-gap has-vertical-center\" id=\"wp-block-themeisle-blocks-advanced-columns-4d1b8776\"><div class=\"wp-block-themeisle-blocks-advanced-columns-overlay\"><\/div><div class=\"innerblocks-wrap\">\n<div class=\"wp-block-themeisle-blocks-advanced-column\" id=\"wp-block-themeisle-blocks-advanced-column-8d487ea8\">\n<h3 class=\"has-text-align-left wp-block-heading\" id=\"column-title-2\"><a href=\"https:\/\/www.swissmedhemp.com\/sk\/wp-content\/uploads\/sites\/2\/2022\/02\/cbd_a_autizmus.pdf\" title=\"CBD a Autizmus\">CBD a Autizmus<\/a><\/h3>\n\n\n\n<p class=\"has-text-align-left\">\u0160t\u00fadia zaoberaj\u00faca sa vplyvov CBD na poruchy autistick\u00e9ho spektra. Porovnanie stavu u u\u017e\u00edvate\u013eov a neu\u017e\u00edvate\u013eov.<\/p>\n<\/div>\n\n\n\n<div class=\"wp-block-themeisle-blocks-advanced-column\" id=\"wp-block-themeisle-blocks-advanced-column-8283e788\">\n<h3 class=\"has-text-align-left wp-block-heading\" id=\"column-title-2\"><a href=\"https:\/\/www.swissmedhemp.com\/sk\/wp-content\/uploads\/sites\/2\/2022\/02\/cbd_a_cukrovka.pdf\" title=\"CBD a cukrovka\">CBD a cukrovka<\/a><\/h3>\n\n\n\n<p class=\"has-text-align-left\">\u0160t\u00fadia zaoberaj\u00faca sa vplyvu CBD ako prevencia a zmiernene prejavu vo\u010di diabetu u n\u00e1chyln\u00fdch jedincov.<\/p>\n<\/div>\n<\/div><\/section>\n\n\n\n<section class=\"wp-block-themeisle-blocks-advanced-columns has-2-columns has-desktop-equal-layout has-tablet-equal-layout has-mobile-collapsedRows-layout has-wide-gap has-vertical-center\" id=\"wp-block-themeisle-blocks-advanced-columns-c08fe88b\"><div class=\"wp-block-themeisle-blocks-advanced-columns-overlay\"><\/div><div class=\"innerblocks-wrap\">\n<div class=\"wp-block-themeisle-blocks-advanced-column\" id=\"wp-block-themeisle-blocks-advanced-column-b7b300f6\">\n<h3 class=\"has-text-align-left wp-block-heading\" id=\"column-title-2\"><a href=\"https:\/\/www.swissmedhemp.com\/sk\/wp-content\/uploads\/sites\/2\/2022\/02\/cbd_a_obezita.pdf\" title=\"CBD a obezita\">CBD a obezita<\/a><\/h3>\n\n\n\n<p class=\"has-text-align-left\">\u0160t\u00fadia zaoberaj\u00faca sa vplyvov CBD. Na prevenciu obezitou sp\u00f4soben\u00edm ochoren\u00ed. <\/p>\n<\/div>\n\n\n\n<div class=\"wp-block-themeisle-blocks-advanced-column\" id=\"wp-block-themeisle-blocks-advanced-column-b3d2fc5d\">\n<h3 class=\"has-text-align-left wp-block-heading\" id=\"column-title-2\"><a href=\"https:\/\/www.swissmedhemp.com\/sk\/wp-content\/uploads\/sites\/2\/2022\/02\/cbd_a_zavislosti.pdf\" title=\"CBD a lie\u010dba z\u00e1vislost\u00ed\">CBD a lie\u010dba z\u00e1vislost\u00ed<\/a><\/h3>\n\n\n\n<p class=\"has-text-align-left\">\u0160t\u00fadia zaoberaj\u00faca sa vplyvov CBD pri abstinen\u010dn\u00fdch pr\u00edznakoch a stavoch.<\/p>\n<\/div>\n<\/div><\/section>\n<\/div>\n<\/div><\/section>\n\n\n\n<section class=\"wp-block-themeisle-blocks-advanced-columns alignfull has-2-columns has-desktop-equal-layout has-tablet-collapsedRows-layout has-mobile-collapsedRows-layout has-nogap-gap has-vertical-flex-start\" id=\"wp-block-themeisle-blocks-advanced-columns-430186f0\"><div class=\"wp-block-themeisle-blocks-advanced-columns-overlay\"><\/div><div class=\"innerblocks-wrap\">\n<div class=\"wp-block-themeisle-blocks-advanced-column\" id=\"wp-block-themeisle-blocks-advanced-column-826126cb\">\n<h2 class=\"has-text-align-left wp-block-heading\"> <\/h2>\n\n\n\n<p class=\"has-text-align-left\"> <\/p>\n\n\n\n<div class=\"wp-block-buttons is-layout-flex wp-block-buttons-is-layout-flex\"><\/div>\n<\/div>\n\n\n\n<div class=\"wp-block-themeisle-blocks-advanced-column\" id=\"wp-block-themeisle-blocks-advanced-column-f8ea1909\">\n<section class=\"wp-block-themeisle-blocks-advanced-columns has-2-columns has-desktop-equal-layout has-tablet-equal-layout has-mobile-collapsedRows-layout has-wide-gap has-vertical-center\" id=\"wp-block-themeisle-blocks-advanced-columns-4d1d34be\"><div class=\"wp-block-themeisle-blocks-advanced-columns-overlay\"><\/div><div class=\"innerblocks-wrap\">\n<div class=\"wp-block-themeisle-blocks-advanced-column\" id=\"wp-block-themeisle-blocks-advanced-column-93d5748b\">\n<h3 class=\"has-text-align-left wp-block-heading\" id=\"column-title-3\"><a href=\"https:\/\/www.swissmedhemp.com\/sk\/wp-content\/uploads\/sites\/2\/2022\/02\/cbd_a_alzheimerova_choroba.pdf\" title=\"CBD a Alzheimerova Choroba\">CBD a Alzheimerova Choroba<\/a><\/h3>\n\n\n\n<p class=\"has-text-align-left\">\u0160t\u00fadia zaoberaj\u00faca sa vplyvov CBD. Ako pribe\u017en\u00e1 lie\u010dbu neurodegenerat\u00edvnych ochoren\u00ed.<\/p>\n<\/div>\n\n\n\n<div class=\"wp-block-themeisle-blocks-advanced-column\" id=\"wp-block-themeisle-blocks-advanced-column-355fb4f0\">\n<h3 class=\"has-text-align-left wp-block-heading\" id=\"column-title-3\"><a href=\"https:\/\/www.swissmedhemp.com\/sk\/wp-content\/uploads\/sites\/2\/2022\/02\/cbd_a_parkinsonova_choroba.pdf\" title=\"CBD a Parkinsonova choroba\">CBD a Parkinsonova choroba<\/a><\/h3>\n\n\n\n<p class=\"has-text-align-left\">\u0160t\u00fadia zaoberaj\u00faca sa vplyvov CBD na nemotorick\u00e9 sympt\u00f3my Parkinsonovej choroby.<\/p>\n<\/div>\n<\/div><\/section>\n\n\n\n<section class=\"wp-block-themeisle-blocks-advanced-columns has-2-columns has-desktop-equal-layout has-tablet-equal-layout has-mobile-collapsedRows-layout has-wide-gap has-vertical-center\" id=\"wp-block-themeisle-blocks-advanced-columns-92350a95\"><div class=\"wp-block-themeisle-blocks-advanced-columns-overlay\"><\/div><div class=\"innerblocks-wrap\">\n<div class=\"wp-block-themeisle-blocks-advanced-column\" id=\"wp-block-themeisle-blocks-advanced-column-b5a4c9cf\">\n<h3 class=\"has-text-align-left wp-block-heading\" id=\"column-title-3\"><a href=\"https:\/\/www.swissmedhemp.com\/sk\/wp-content\/uploads\/sites\/2\/2022\/02\/cbd_a_als_skleroza.pdf\" title=\"CBD a ALS skler\u00f3za\">CBD a ALS skler\u00f3za<\/a><\/h3>\n\n\n\n<p class=\"has-text-align-left\">\u0160t\u00fadia zaoberaj\u00faca sa vplyvov CBD ako doplnok v spektre symptomatickej terapie pri ALS.<\/p>\n<\/div>\n\n\n\n<div class=\"wp-block-themeisle-blocks-advanced-column\" id=\"wp-block-themeisle-blocks-advanced-column-113dfa19\">\n<h3 class=\"has-text-align-left wp-block-heading\" id=\"column-title-3\"><a href=\"https:\/\/www.swissmedhemp.com\/sk\/wp-content\/uploads\/sites\/2\/2022\/02\/cbd_a_roztrusena_skleroza.pdf\" title=\"CBD a roztr\u00fasen\u00e1 skler\u00f3za\">CBD a roztr\u00fasen\u00e1 skler\u00f3za<\/a><\/h3>\n\n\n\n<p class=\"has-text-align-left\">\u0160t\u00fadia zaoberaj\u00faca sa vplyvov CBD. Pri Skler\u00f3ze multiplex a in\u00fdch autoimunitn\u00fdch ochoreniach.<\/p>\n<\/div>\n<\/div><\/section>\n<\/div>\n<\/div><\/section>\n\n\n\n<section class=\"wp-block-themeisle-blocks-advanced-columns alignfull has-2-columns has-desktop-equal-layout has-tablet-collapsedRows-layout has-mobile-collapsedRows-layout has-nogap-gap has-vertical-flex-start\" id=\"wp-block-themeisle-blocks-advanced-columns-f3daa312\"><div class=\"wp-block-themeisle-blocks-advanced-columns-overlay\"><\/div><div class=\"innerblocks-wrap\">\n<div class=\"wp-block-themeisle-blocks-advanced-column\" id=\"wp-block-themeisle-blocks-advanced-column-e9b41c97\">\n<h2 class=\"has-text-align-left has-white-color has-text-color wp-block-heading\"> <\/h2>\n\n\n\n<p class=\"has-text-align-left has-white-color has-text-color\"> <\/p>\n\n\n\n<div class=\"wp-block-buttons is-layout-flex wp-block-buttons-is-layout-flex\"><\/div>\n<\/div>\n\n\n\n<div class=\"wp-block-themeisle-blocks-advanced-column\" id=\"wp-block-themeisle-blocks-advanced-column-1a7be78d\">\n<section class=\"wp-block-themeisle-blocks-advanced-columns has-2-columns has-desktop-equal-layout has-tablet-equal-layout has-mobile-collapsedRows-layout has-wide-gap has-vertical-center\" id=\"wp-block-themeisle-blocks-advanced-columns-444a3a3f\"><div class=\"wp-block-themeisle-blocks-advanced-columns-overlay\"><\/div><div class=\"innerblocks-wrap\">\n<div class=\"wp-block-themeisle-blocks-advanced-column\" id=\"wp-block-themeisle-blocks-advanced-column-6be0adfb\">\n<h3 class=\"has-text-align-left wp-block-heading\" id=\"column-title-4\"><a href=\"https:\/\/www.swissmedhemp.com\/sk\/wp-content\/uploads\/sites\/2\/2022\/02\/cbd_a_reuma.pdf\" title=\"CBD a reuma\">CBD a reuma<\/a><\/h3>\n\n\n\n<p class=\"has-text-align-left\">\u0160t\u00fadia zaoberaj\u00faca sa vplyvov CBD. Na chronick\u00e9 bolesti pri Reumatoidnej artrit\u00edde.<\/p>\n<\/div>\n\n\n\n<div class=\"wp-block-themeisle-blocks-advanced-column\" id=\"wp-block-themeisle-blocks-advanced-column-f3e0d2ac\">\n<h3 class=\"has-text-align-left wp-block-heading\" id=\"column-title-4\"><a href=\"https:\/\/www.swissmedhemp.com\/sk\/wp-content\/uploads\/sites\/2\/2022\/02\/cbd_a_psoriaza.pdf\" title=\"CBD a psori\u00e1za\">CBD a psori\u00e1za<\/a><\/h3>\n\n\n\n<p class=\"has-text-align-left\">\u0160t\u00fadia zaoberaj\u00faca sa vplyvov CBD a jeho antioxida\u010dn\u00fdch \u00fa\u010dinkov pri autoimunitn\u00fdch ochoreniach.<\/p>\n<\/div>\n<\/div><\/section>\n\n\n\n<section class=\"wp-block-themeisle-blocks-advanced-columns has-2-columns has-desktop-equal-layout has-tablet-equal-layout has-mobile-collapsedRows-layout has-wide-gap has-vertical-center\" id=\"wp-block-themeisle-blocks-advanced-columns-131cb080\"><div class=\"wp-block-themeisle-blocks-advanced-columns-overlay\"><\/div><div class=\"innerblocks-wrap\">\n<div class=\"wp-block-themeisle-blocks-advanced-column\" id=\"wp-block-themeisle-blocks-advanced-column-1e1201c1\">\n<h3 class=\"has-text-align-left wp-block-heading\" id=\"column-title-4\"><a href=\"https:\/\/www.swissmedhemp.com\/sk\/wp-content\/uploads\/sites\/2\/2022\/02\/cbd_a_ibs.pdf\" title=\"CBD a IBS\">CBD a IBS<\/a><\/h3>\n\n\n\n<p class=\"has-text-align-left\">\u0160t\u00fadia zaoberaj\u00faca sa vplyvov CBD potravinov\u00fa pr\u00edsadu ako aj prevenciu gastrointestin\u00e1lnych stavov.<\/p>\n<\/div>\n\n\n\n<div class=\"wp-block-themeisle-blocks-advanced-column\" id=\"wp-block-themeisle-blocks-advanced-column-b3f9f7ad\">\n<h3 class=\"has-text-align-left wp-block-heading\" id=\"column-title-4\"><a href=\"https:\/\/www.swissmedhemp.com\/sk\/wp-content\/uploads\/sites\/2\/2022\/02\/cbd_a_osteoporoza.pdf\" title=\"CBD a osteopor\u00f3za\">CBD a osteopor\u00f3za<\/a><\/h3>\n\n\n\n<p class=\"has-text-align-left\">\u0160t\u00fadia zaoberaj\u00faca sa vplyvov CBD na metabolizmus kost\u00ed a centr\u00e1lny nervov\u00fd syst\u00e9m.<\/p>\n<\/div>\n<\/div><\/section>\n<\/div>\n<\/div><\/section>\n\n\n\n<section class=\"wp-block-themeisle-blocks-advanced-columns alignfull has-2-columns has-desktop-equal-layout has-tablet-collapsedRows-layout has-mobile-collapsedRows-layout has-nogap-gap has-vertical-flex-start\" id=\"wp-block-themeisle-blocks-advanced-columns-21c29137\"><div class=\"wp-block-themeisle-blocks-advanced-columns-overlay\"><\/div><div class=\"innerblocks-wrap\">\n<div class=\"wp-block-themeisle-blocks-advanced-column\" id=\"wp-block-themeisle-blocks-advanced-column-f92515dd\">\n<h2 class=\"has-text-align-left wp-block-heading\"> <\/h2>\n\n\n\n<p class=\"has-text-align-left\"> <\/p>\n\n\n\n<div class=\"wp-block-buttons is-layout-flex wp-block-buttons-is-layout-flex\"><\/div>\n<\/div>\n\n\n\n<div class=\"wp-block-themeisle-blocks-advanced-column\" id=\"wp-block-themeisle-blocks-advanced-column-cbb0fb90\">\n<section class=\"wp-block-themeisle-blocks-advanced-columns has-2-columns has-desktop-equal-layout has-tablet-equal-layout has-mobile-collapsedRows-layout has-wide-gap has-vertical-center\" id=\"wp-block-themeisle-blocks-advanced-columns-ce7d5ec1\"><div class=\"wp-block-themeisle-blocks-advanced-columns-overlay\"><\/div><div class=\"innerblocks-wrap\">\n<div class=\"wp-block-themeisle-blocks-advanced-column\" id=\"wp-block-themeisle-blocks-advanced-column-104ca4cd\">\n<h3 class=\"has-text-align-left wp-block-heading\" id=\"column-title-5\"><a href=\"https:\/\/www.swissmedhemp.com\/sk\/wp-content\/uploads\/sites\/2\/2022\/02\/cbd_a_schizofrenia.pdf\" title=\"CBD a schizofr\u00e9nia\">CBD a schizofr\u00e9nia<\/a><\/h3>\n\n\n\n<p class=\"has-text-align-left\">\u0160t\u00fadia zaoberaj\u00faca sa pou\u017eit\u00edm definovan\u00fdch d\u00e1vok THC a CBD pri schizofr\u00e9nii.<\/p>\n<\/div>\n\n\n\n<div class=\"wp-block-themeisle-blocks-advanced-column\" id=\"wp-block-themeisle-blocks-advanced-column-506c7efd\">\n<h3 class=\"has-text-align-left wp-block-heading\" id=\"column-title-5\"><a href=\"https:\/\/www.swissmedhemp.com\/sk\/wp-content\/uploads\/sites\/2\/2022\/02\/cbd_a_epilepsia.pdf\" title=\"CBD a epilepsia\">CBD a epilepsia<\/a><\/h3>\n\n\n\n<p class=\"has-text-align-left\">\u0160t\u00fadia zaoberaj\u00faca sa CBD a jeho proti z\u00e1chvatov\u00fa aktivitu ako aj motorick\u00fd v\u00fdkon  po podan\u00ed.<\/p>\n<\/div>\n<\/div><\/section>\n\n\n\n<section class=\"wp-block-themeisle-blocks-advanced-columns has-2-columns has-desktop-equal-layout has-tablet-equal-layout has-mobile-collapsedRows-layout has-wide-gap has-vertical-center\" id=\"wp-block-themeisle-blocks-advanced-columns-40fe9821\"><div class=\"wp-block-themeisle-blocks-advanced-columns-overlay\"><\/div><div class=\"innerblocks-wrap\">\n<div class=\"wp-block-themeisle-blocks-advanced-column\" id=\"wp-block-themeisle-blocks-advanced-column-50b5341d\">\n<h3 class=\"has-text-align-left wp-block-heading\" id=\"column-title-5\"><a href=\"https:\/\/www.swissmedhemp.com\/sk\/wp-content\/uploads\/sites\/2\/2022\/02\/cbd_a_chronicka_bolest.pdf\" title=\"CBD a chronick\u00e1 boles\u0165\">CBD a chronick\u00e1 boles\u0165<\/a><\/h3>\n\n\n\n<p class=\"has-text-align-left\">\u0160t\u00fadia zaoberaj\u00faca sa vybranou skupinou  ur\u010dit\u00fdch CBD kme\u0148ov a ich vplyvu na chronick\u00fa boles\u0165. <\/p>\n<\/div>\n\n\n\n<div class=\"wp-block-themeisle-blocks-advanced-column\" id=\"wp-block-themeisle-blocks-advanced-column-118a0c1f\">\n<h3 class=\"has-text-align-left wp-block-heading\" id=\"column-title-5\"><a href=\"https:\/\/www.swissmedhemp.com\/sk\/wp-content\/uploads\/sites\/2\/2022\/02\/cbd_a_migrena.pdf\" title=\"CBD a migr\u00e9na\">CBD a migr\u00e9na<\/a><\/h3>\n\n\n\n<p class=\"has-text-align-left\">\u0160t\u00fadia zaoberaj\u00faca sa vybranou skupinou  ur\u010dit\u00fdch CBD kme\u0148ov a ich vplyvu na migr\u00e9ny. <\/p>\n<\/div>\n<\/div><\/section>\n<\/div>\n<\/div><\/section>\n\n\n\n<section class=\"wp-block-themeisle-blocks-advanced-columns alignfull has-2-columns has-desktop-oneTwo-layout has-tablet-collapsedRows-layout has-mobile-collapsedRows-layout has-wide-gap has-vertical-flex-start\" id=\"wp-block-themeisle-blocks-advanced-columns-0ebd2603\"><div class=\"wp-block-themeisle-blocks-advanced-columns-overlay\"><\/div><div class=\"innerblocks-wrap\">\n<div class=\"wp-block-themeisle-blocks-advanced-column\" id=\"wp-block-themeisle-blocks-advanced-column-ff73cfa2\">\n<h2 class=\"has-text-align-left has-white-color has-text-color wp-block-heading\"> <\/h2>\n\n\n\n<p class=\"has-text-align-left has-white-color has-text-color\"> <\/p>\n\n\n\n<div class=\"wp-block-buttons is-layout-flex wp-block-buttons-is-layout-flex\"><\/div>\n<\/div>\n\n\n\n<div class=\"wp-block-themeisle-blocks-advanced-column\" id=\"wp-block-themeisle-blocks-advanced-column-f7edc287\">\n<section class=\"wp-block-themeisle-blocks-advanced-columns has-2-columns has-desktop-equal-layout has-tablet-equal-layout has-mobile-collapsedRows-layout has-wide-gap has-vertical-center\" id=\"wp-block-themeisle-blocks-advanced-columns-ba9a4a35\"><div class=\"wp-block-themeisle-blocks-advanced-columns-overlay\"><\/div><div class=\"innerblocks-wrap\">\n<div class=\"wp-block-themeisle-blocks-advanced-column\" id=\"wp-block-themeisle-blocks-advanced-column-91ddf0d1\">\n<h3 class=\"has-text-align-left wp-block-heading\" id=\"column-title-6\"><a href=\"https:\/\/www.swissmedhemp.com\/sk\/wp-content\/uploads\/sites\/2\/2022\/02\/cbd_a_zdravie_pecene_a_pankreasu.pdf\" title=\"CBD a zdravie pe\u010dene a pankreasu \">CBD a zdravie pe\u010dene a pankreasu <\/a>     <br><\/h3>\n\n\n\n<p class=\"has-text-align-left\">\u0160t\u00fadia zaoberaj\u00faca sa vplyvov CBD a jeho imunomodula\u010dn\u00e9 \u00fa\u010dinky v pe\u010denia pankrease.<\/p>\n<\/div>\n\n\n\n<div class=\"wp-block-themeisle-blocks-advanced-column\" id=\"wp-block-themeisle-blocks-advanced-column-e67a885c\">\n<h3 class=\"has-text-align-left wp-block-heading\" id=\"column-title-6\"><a href=\"https:\/\/www.swissmedhemp.com\/sk\/wp-content\/uploads\/sites\/2\/2022\/02\/cbd_a_ibd_crohnova.pdf\" title=\"CBD a IBD, Crohnova choroba a ulcer\u00f3zna kolit\u00edda\">CBD a IBD, Crohnova choroba a ulcer\u00f3zna kolit\u00edda<\/a><\/h3>\n\n\n\n<p class=\"has-text-align-left\">\u0160t\u00fadia zaoberaj\u00faca sa \u017eiaducich a ne\u017eiaducich vplyvov u\u017e\u00edvania CBD pri ochoreniach tr\u00e1viaceho traktu<\/p>\n<\/div>\n<\/div><\/section>\n<\/div>\n<\/div><\/section>\n","protected":false},"excerpt":{"rendered":"","protected":false},"author":1,"featured_media":0,"parent":0,"menu_order":0,"comment_status":"closed","ping_status":"closed","template":"page-templates\/template-pagebuilder-full-width.php","meta":{"neve_meta_sidebar":"full-width","neve_meta_container":"","neve_meta_enable_content_width":"on","neve_meta_content_width":100,"neve_meta_title_alignment":"","neve_meta_author_avatar":"","neve_post_elements_order":"","neve_meta_disable_header":"","neve_meta_disable_footer":"","neve_meta_disable_title":"","neve_meta_reading_time":"","_themeisle_gutenberg_block_has_review":false,"footnotes":""},"class_list":["post-663","page","type-page","status-publish","hentry"],"aioseo_notices":[],"_links":{"self":[{"href":"https:\/\/www.swissmedhemp.com\/sk\/wp-json\/wp\/v2\/pages\/663","targetHints":{"allow":["GET"]}}],"collection":[{"href":"https:\/\/www.swissmedhemp.com\/sk\/wp-json\/wp\/v2\/pages"}],"about":[{"href":"https:\/\/www.swissmedhemp.com\/sk\/wp-json\/wp\/v2\/types\/page"}],"author":[{"embeddable":true,"href":"https:\/\/www.swissmedhemp.com\/sk\/wp-json\/wp\/v2\/users\/1"}],"replies":[{"embeddable":true,"href":"https:\/\/www.swissmedhemp.com\/sk\/wp-json\/wp\/v2\/comments?post=663"}],"version-history":[{"count":35,"href":"https:\/\/www.swissmedhemp.com\/sk\/wp-json\/wp\/v2\/pages\/663\/revisions"}],"predecessor-version":[{"id":771,"href":"https:\/\/www.swissmedhemp.com\/sk\/wp-json\/wp\/v2\/pages\/663\/revisions\/771"}],"wp:attachment":[{"href":"https:\/\/www.swissmedhemp.com\/sk\/wp-json\/wp\/v2\/media?parent=663"}],"curies":[{"name":"wp","href":"https:\/\/api.w.org\/{rel}","templated":true}]}}