{"id":267,"date":"2021-04-21T10:56:17","date_gmt":"2021-04-21T08:56:17","guid":{"rendered":"https:\/\/www.swissmedhemp.com\/sk\/?page_id=267"},"modified":"2025-04-30T07:54:52","modified_gmt":"2025-04-30T05:54:52","slug":"kontakt","status":"publish","type":"page","link":"https:\/\/www.swissmedhemp.com\/sk\/kontakt\/","title":{"rendered":"Kontakt"},"content":{"rendered":"\n<div id=\"wp-block-themeisle-blocks-advanced-columns-e546c426\" class=\"wp-block-themeisle-blocks-advanced-columns has-1-columns has-desktop-equal-layout has-tablet-equal-layout has-mobile-equal-layout has-vertical-unset has-default-gap\"><div class=\"wp-block-themeisle-blocks-advanced-columns-overlay\"><\/div><div class=\"innerblocks-wrap\">\n<div id=\"wp-block-themeisle-blocks-advanced-column-45b375f8\" class=\"wp-block-themeisle-blocks-advanced-column\">\n<p><strong>TT Holding, s.r.o.<\/strong><br>Gen. M. R. \u0160tef\u00e1nika 6670\/16 <br>911 01 Tren\u010d\u00edn<br>I\u010cO: 52139662<br>DI\u010c: 2121067157<\/p>\n\n\n\n<p><strong>E-mail: <\/strong>info@swissmedhemp.com<\/p>\n<\/div>\n<\/div><\/div>\n","protected":false},"excerpt":{"rendered":"","protected":false},"author":1,"featured_media":0,"parent":0,"menu_order":0,"comment_status":"closed","ping_status":"closed","template":"","meta":{"neve_meta_sidebar":"full-width","neve_meta_container":"","neve_meta_enable_content_width":"on","neve_meta_content_width":100,"neve_meta_title_alignment":"","neve_meta_author_avatar":"","neve_post_elements_order":"","neve_meta_disable_header":"","neve_meta_disable_footer":"","neve_meta_disable_title":"","neve_meta_reading_time":"","_themeisle_gutenberg_block_has_review":false,"footnotes":""},"class_list":["post-267","page","type-page","status-publish","hentry"],"aioseo_notices":[],"_links":{"self":[{"href":"https:\/\/www.swissmedhemp.com\/sk\/wp-json\/wp\/v2\/pages\/267","targetHints":{"allow":["GET"]}}],"collection":[{"href":"https:\/\/www.swissmedhemp.com\/sk\/wp-json\/wp\/v2\/pages"}],"about":[{"href":"https:\/\/www.swissmedhemp.com\/sk\/wp-json\/wp\/v2\/types\/page"}],"author":[{"embeddable":true,"href":"https:\/\/www.swissmedhemp.com\/sk\/wp-json\/wp\/v2\/users\/1"}],"replies":[{"embeddable":true,"href":"https:\/\/www.swissmedhemp.com\/sk\/wp-json\/wp\/v2\/comments?post=267"}],"version-history":[{"count":5,"href":"https:\/\/www.swissmedhemp.com\/sk\/wp-json\/wp\/v2\/pages\/267\/revisions"}],"predecessor-version":[{"id":3704,"href":"https:\/\/www.swissmedhemp.com\/sk\/wp-json\/wp\/v2\/pages\/267\/revisions\/3704"}],"wp:attachment":[{"href":"https:\/\/www.swissmedhemp.com\/sk\/wp-json\/wp\/v2\/media?parent=267"}],"curies":[{"name":"wp","href":"https:\/\/api.w.org\/{rel}","templated":true}]}}