{"id":263,"date":"2021-04-21T10:55:28","date_gmt":"2021-04-21T08:55:28","guid":{"rendered":"https:\/\/www.swissmedhemp.com\/sk\/?page_id=263"},"modified":"2025-04-30T07:55:52","modified_gmt":"2025-04-30T05:55:52","slug":"vseobecne-podmienky","status":"publish","type":"page","link":"https:\/\/www.swissmedhemp.com\/sk\/vseobecne-podmienky\/","title":{"rendered":"V\u0161eobecn\u00e9 podmienky"},"content":{"rendered":"\n<div id=\"wp-block-themeisle-blocks-advanced-columns-1a460e48\" class=\"wp-block-themeisle-blocks-advanced-columns has-1-columns has-desktop-equal-layout has-tablet-equal-layout has-mobile-equal-layout has-vertical-unset has-default-gap\"><div class=\"wp-block-themeisle-blocks-advanced-columns-overlay\"><\/div><div class=\"innerblocks-wrap\">\n<div id=\"wp-block-themeisle-blocks-advanced-column-28317d5c\" class=\"wp-block-themeisle-blocks-advanced-column\">\n<p>Spolo\u010dnos\u0165 TT Holding, s.r.o. Gen. M. R. \u0160tef\u00e1nika 6670\/16, 911 01 Tren\u010d\u00edn, I\u010cO: 52139662, DI\u010c: 2121067157. (\u010falej len pred\u00e1vaj\u00faci alebo spr\u00e1vca) pod\u013ea nariadenia eur\u00f3pskeho parlamentu a rady Eur\u00f3pskej \u00fanie 2016\/679 o ochrane fyzick\u00fdch os\u00f4b pri spracovan\u00ed ich osobn\u00fdch \u00fadajov a o vo\u013enom pohybe tak\u00fdchto \u00fadajov a z\u00e1rove\u0148 pod\u013ea z\u00e1kona \u010d. 18\/2018 o ochrane osobn\u00fdch \u00fadajov je povinn\u00e1 transparentne informova\u0165 n\u00e1v\u0161tevn\u00edkov str\u00e1nok swissmedhemp.com o tom, ak\u00e9 osobn\u00e9 \u00fadaje uklad\u00e1me, prechov\u00e1vame a z\u00e1rove\u0148 informova\u0165 o tom, za ak\u00fdm \u00fa\u010delom tak rob\u00edme. Pri na\u0161ej \u010dinnosti uklad\u00e1me nasleduj\u00face osobn\u00e9 \u00fadaje:<\/p>\n\n\n\n<p><strong>meno, priezvisko<\/strong><br><strong>e-mailov\u00fa adresu<\/strong><br><strong>telef\u00f3nne \u010d\u00edslo<\/strong><br><strong>adresu\/s\u00eddlo<\/strong><\/p>\n\n\n\n<p>1. Vy\u0161\u0161ie uveden\u00e9 osobn\u00e9 \u00fadaje je nutn\u00e9 spracova\u0165 pre vybavenie objedn\u00e1vok a \u010fal\u0161ie plnenie zo zmluvy ak medzi kupuj\u00facim a pred\u00e1vaj\u00facim d\u00f4jde k uzavretiu riadnej k\u00fapnej zmluvy. Tak\u00e9to spracovanie osobn\u00fdch \u00fadajov umo\u017e\u0148uje \u010dl. 6. ods. 1 p\u00edsmena b) Nariadenie \u2013 spracovanie je nevyhnutn\u00e9 pre v\u00fdkon zmluvy.<\/p>\n\n\n\n<p>\u010ealej pred\u00e1vaj\u00faci spracov\u00e1va tieto \u00fadaje za \u00fa\u010delom evidencie zmluvy a pr\u00edpadn\u00e9ho bud\u00faceho uplatnenia a obrany pr\u00e1v a povinnost\u00ed zmluvn\u00fdch str\u00e1n. Uchovanie a spracovanie osobn\u00fdch \u00fadajov je za \u00fa\u010delom spracovania a vybavenia objedn\u00e1vky a n\u00e1sledn\u00e9ho v\u00fdkonu zmluvy po dobu 10 rokov od realiz\u00e1cie poslednej \u010dasti plnenia pod\u013ea zmluvy, ak to nepo\u017eaduje in\u00fd pr\u00e1vny predpis na dlh\u0161iu dobu. Tak\u00e9to spracovanie je mo\u017en\u00e9 na z\u00e1klade \u010dl. 6. ods. 1 p\u00edsm. c) a f) Nariadenie \u2013 spracovanie je nevyhnutn\u00e9 pre splnenie pr\u00e1vnej povinnosti a pre \u00fa\u010dely opr\u00e1vnen\u00fdch z\u00e1ujmov spr\u00e1vcu.<\/p>\n\n\n\n<p>2. Na e-mailov\u00fa adresu, pr\u00edpadne telef\u00f3nne \u010d\u00edslo V\u00e1m bud\u00fa zaslan\u00e9 len obchodn\u00e9 spr\u00e1vy, ktor\u00e9 s\u00favisia priamo s Va\u0161ou objedn\u00e1vkou a jej vybaven\u00edm. Na Va\u0161u e-mailov\u00fa adresu a telef\u00f3nne \u010d\u00edslo neodosielame \u017eiadne newslettre a neposkytujeme ich tret\u00edm stran\u00e1m za \u00fa\u010delom inzercie. E-mailov\u00e1 adresa nie je na webe nijako vidite\u013en\u00e1 pre in\u00fdch n\u00e1v\u0161tevn\u00edkov.<\/p>\n\n\n\n<p>3. Spracovanie osobn\u00fdch \u00fadajov je vykon\u00e1van\u00e9 Nikolou T\u00f3thovou, teda spr\u00e1vcom osobn\u00fdch \u00fadajov. Osobn\u00e9 \u00fadaje pre potreby doru\u010denia objedn\u00e1vky sprac\u00favaj\u00fa tie\u017e spracovatelia:<\/p>\n\n\n\n<p>Slovensk\u00e1 po\u0161ta, a. s.,&nbsp;Partiz\u00e1nska cesta 9,&nbsp;975 99, Bansk\u00e1 Bystrica<\/p>\n\n\n\n<p>4. Va\u0161e osobn\u00e9 \u00fadaje nebud\u00fa odovzd\u00e1van\u00e9 do tret\u00edch kraj\u00edn mimo E\u00da.<\/p>\n\n\n\n<p>5. Spr\u00e1vcu je mo\u017en\u00e9 kontaktova\u0165 na e-mailovej adrese info@swissmedhemp.com.<\/p>\n\n\n\n<p>6. Spr\u00e1vca osobn\u00fdch \u00fadajov, ako prev\u00e1dzkovate\u013e webovej str\u00e1nky swissmedhemp.com, pou\u017e\u00edva na tejto webovej str\u00e1nke s\u00fabory cookies, ktor\u00e9 vyu\u017e\u00edva na tieto \u00fa\u010dely:<\/p>\n\n\n\n<ul class=\"wp-block-list\">\n<li>Z\u00e1kladn\u00fa funk\u010dnos\u0165 webovej str\u00e1nky internetov\u00e9ho obchodu<\/li>\n\n\n\n<li>Meranie n\u00e1v\u0161tevnosti a vytv\u00e1ranie \u0161tatist\u00edk pomocou n\u00e1stroja Google Analytics<\/li>\n<\/ul>\n\n\n\n<p>7. Zbieranie s\u00faborov cookies na \u00fa\u010dely uveden\u00e9 vy\u0161\u0161ie m\u00f4\u017ee by\u0165 pova\u017eovan\u00e9 za spracovanie osobn\u00fdch \u00fadajov. Tak\u00e9to spracovanie osobn\u00fdch \u00fadajov je mo\u017en\u00e9 na z\u00e1klade z\u00e1konn\u00e9ho d\u00f4vodu \u2013 opr\u00e1vnen\u00e9ho z\u00e1ujmu spr\u00e1vcu, a umo\u017e\u0148uje ho \u010dl. 6 ods. 1 p\u00edsm. f) Nariadenia.<\/p>\n\n\n\n<p>8. Webov\u00e9 str\u00e1nky internetov\u00e9ho obchodu swissmedhemp.com je mo\u017en\u00e9 pou\u017e\u00edva\u0165 aj v re\u017eime, ktor\u00fd neumo\u017e\u0148uje s\u0165ahova\u0165 s\u00fabory cookies. Tak\u00fdto re\u017eim sa d\u00e1 nastavi\u0165 v r\u00e1mci nastavenia V\u00e1\u0161ho internetov\u00e9ho prehliada\u010da, alebo je mo\u017en\u00e9 proti s\u0165ahovaniu s\u00faborov cookies n\u00e1mietku pod\u013ea \u010dl. 21 Nariadenia, ktor\u00e1 je dostupn\u00e1 v dolnej \u010dasti webov\u00fdch str\u00e1nok internetov\u00e9ho obchodu swissmedhemp.com. Va\u0161a n\u00e1mietka bude vyhodnoten\u00e1 bezodkladne. Niektor\u00e9 funkcie na\u0161ej webovej str\u00e1nky bez s\u00faborov cookies nemusia fungova\u0165 spr\u00e1vne. Cookies pou\u017e\u00edvame hlavne pre anonymn\u00e9 meriane n\u00e1v\u0161tevnosti pomocou slu\u017eby Google Analytics.<\/p>\n\n\n\n<p><strong>Zhroma\u017eden\u00e9 cookies s\u00fabory s\u00fa spracovan\u00e9 \u010fal\u0161\u00edmi spracovate\u013emi:<\/strong><\/p>\n\n\n\n<p>Google Analytics, prev\u00e1dzkovanej spolo\u010dnos\u0165ou Google Inc., s\u00eddlom 1600 Amphitheatre Parkway, Mountain View, CA 94043, USA<\/p>\n\n\n\n<p><strong>VA\u0160E PR\u00c1VA S\u00daVICIACE SO SPRACOVAN\u00cdM OSOBN\u00ddCH \u00daDAJOV:<\/strong><\/p>\n\n\n\n<ul class=\"wp-block-list\">\n<li>Zru\u0161i\u0165 zasielanie obchodn\u00fdch ozn\u00e1men\u00ed \u2013 v pr\u00edpade internetov\u00e9ho obchodu swissmedhemp.com nie s\u00fa zasielan\u00e9 \u017eiadne obchodn\u00e9 ani marketingov\u00e9 ozn\u00e1menia. Zasielame len ozn\u00e1menia ktor\u00e9 s\u00favisia priamo s Va\u0161ou objedn\u00e1vkou a jej vybaven\u00edm ozn\u00e1menia<\/li>\n\n\n\n<li>Vznesenie n\u00e1mietky proti spracovaniu na z\u00e1klade opr\u00e1vnen\u00e9ho z\u00e1ujmu spr\u00e1vcu<\/li>\n\n\n\n<li>Pr\u00e1vo na po\u017eiadanie k\u00f3pie sprac\u00favan\u00fdch osobn\u00fdch \u00fadajov<\/li>\n\n\n\n<li>Pr\u00e1vo na pr\u00edstup k osobn\u00fdm \u00fadajom<\/li>\n\n\n\n<li>Pr\u00e1vo na opravu \u00fadajov<\/li>\n\n\n\n<li>Pr\u00e1vo na zmazanie \u00fadajov<\/li>\n\n\n\n<li>Pr\u00e1vo na obmedzenie spracovania<\/li>\n\n\n\n<li>Pr\u00e1vo na prenosite\u013enos\u0165 \u00fadajov<\/li>\n\n\n\n<li>Pr\u00e1vo poda\u0165 s\u0165a\u017enos\u0165<\/li>\n\n\n\n<li>Pr\u00e1vo na \u00fa\u010dinn\u00fa s\u00fadnu ochranu, ak m\u00e1te za to, \u017ee Va\u0161e pr\u00e1va boli pod\u013ea Nariadenia poru\u0161en\u00e9 v d\u00f4sledku spracovania Va\u0161ich osobn\u00fdch \u00fadajov v rozpore s t\u00fdmto Nariaden\u00edm<\/li>\n\n\n\n<li>Pr\u00e1vo na podanie s\u0165a\u017enosti na \u00darade pre ochranu osobn\u00fdch \u00fadajov<\/li>\n<\/ul>\n\n\n\n<p>Ak prid\u00e1te koment\u00e1r na na\u0161ej str\u00e1nke, m\u00f4\u017eete s\u00fahlasi\u0165 s ulo\u017een\u00edm v\u00e1\u0161ho mena, e-mailovej adresy a webovej str\u00e1nky do s\u00faborov cookies. Je to pre va\u0161e pohodlie, aby ste nemuseli op\u00e4tovne vyp\u013a\u0148a\u0165 va\u0161e \u00fadaje znovu pri prid\u00e1van\u00ed \u010fal\u0161ieho koment\u00e1ra. Tieto s\u00fabory cookies s\u00fa platn\u00e9 jeden rok.<\/p>\n\n\n\n<p>Ak m\u00e1te na na\u0161ej webovej str\u00e1nke \u00fa\u010det a prihl\u00e1site sa, ulo\u017e\u00edme do\u010dasn\u00e9 s\u00fabory cookies na ur\u010denie toho, \u010di v\u00e1\u0161 prehliada\u010d akceptuje s\u00fabory cookies. Tieto s\u00fabory cookies neobsahuj\u00fa \u017eiadne osobn\u00e9 \u00fadaje a s\u00fa zru\u0161en\u00e9 pri zatvoren\u00ed prehliada\u010da.<\/p>\n\n\n\n<p>Pri prihl\u00e1sen\u00ed nastav\u00edme nieko\u013eko s\u00faborov cookies, aby sme ulo\u017eili va\u0161e prihlasovacie \u00fadaje a nastavenia zobrazenia. Prihlasovacie cookies s\u00fa platn\u00e9 dva dni a nastavenia zobrazenia jeden rok. Ak zvol\u00edte mo\u017enos\u0165 \u201czapam\u00e4ta\u0165\u201d, va\u0161e prihl\u00e1senie bude platn\u00e9 dva t\u00fd\u017edne. Pri odhl\u00e1sen\u00ed sa z v\u00e1\u0161ho \u00fa\u010dtu s\u00fa s\u00fabory cookies odstr\u00e1nen\u00e9.<\/p>\n\n\n\n<p>Pri \u00faprave alebo publikovan\u00ed \u010dl\u00e1nku bud\u00fa vo va\u0161om prehliada\u010di ulo\u017een\u00e9 dodato\u010dn\u00e9 s\u00fabory cookies. Tieto s\u00fabory cookies neobsahuj\u00fa \u017eiadne osobn\u00e9 \u00fadaje a odkazuj\u00fa iba na ID \u010dl\u00e1nku, ktor\u00fd ste upravovali. S\u00fabory s\u00fa platn\u00e9 1 de\u0148.<\/p>\n\n\n\n<p>\u010cl\u00e1nky na tejto webovej str\u00e1nke m\u00f4\u017eu obsahova\u0165 vlo\u017een\u00fd obsah (napr. vide\u00e1, obr\u00e1zky, \u010dl\u00e1nky a podobne). Vlo\u017een\u00fd obsah z in\u00fdch str\u00e1nok sa chov\u00e1 rovnako, akoby n\u00e1v\u0161tevn\u00edk nav\u0161t\u00edvil in\u00fa webov\u00fa str\u00e1nku.<\/p>\n\n\n\n<p>Tieto webov\u00e9 str\u00e1nky m\u00f4\u017eu o v\u00e1s zbiera\u0165 osobn\u00e9 \u00fadaje, pou\u017e\u00edva\u0165 s\u00fabory cookies, vklada\u0165 tre\u0165o-strann\u00e9 sledovanie a monitorova\u0165 va\u0161u interakciu s vlo\u017een\u00fdm obsahom, v\u010detne sledovania va\u0161ej interakcie s vlo\u017een\u00fdm obsahom, ak na danej webovej str\u00e1nke m\u00e1te \u00fa\u010det a ste prihl\u00e1sen\u00fd.<\/p>\n\n\n\n<p>Pri prid\u00e1van\u00ed koment\u00e1ra, koment\u00e1r a jeho meta\u00fadaje s\u00fa uchov\u00e1van\u00e9 oddelene. V\u010faka tomu vieme automaticky rozpozna\u0165 a schv\u00e1li\u0165 ak\u00e9ko\u013evek s\u00favisiace koment\u00e1re bez toho, aby museli by\u0165 podr\u017ean\u00e9 na moder\u00e1ciu.<\/p>\n\n\n\n<p>Pre pou\u017e\u00edvate\u013eov, ktor\u00ed sa zaregistruj\u00fa na na\u0161ich webov\u00fdch str\u00e1nkach (ak tak\u00ed existuj\u00fa), uklad\u00e1me aj osobn\u00e9 \u00fadaje, ktor\u00e9 poskytuj\u00fa, do ich u\u017e\u00edvate\u013esk\u00e9ho profilu. V\u0161etci pou\u017e\u00edvatelia m\u00f4\u017eu kedyko\u013evek zobrazi\u0165, upravi\u0165 alebo odstr\u00e1ni\u0165 svoje osobn\u00e9 \u00fadaje (okrem zmeny pou\u017e\u00edvate\u013esk\u00e9ho). Spr\u00e1vcovia webov\u00fdch str\u00e1nok tie\u017e m\u00f4\u017eu zobrazi\u0165 a upravi\u0165 tieto inform\u00e1cie.<\/p>\n\n\n\n<p>Ak na tejto webovej str\u00e1nke m\u00e1te \u00fa\u010det, alebo ste tu pridali koment\u00e1r, m\u00f4\u017eete po\u017eiada\u0165 o export va\u0161ich osobn\u00fdch \u00fadajov, ktor\u00e9 o v\u00e1s uklad\u00e1me, v\u010detne \u00fadajov, ktor\u00e9 ste n\u00e1m poskytli. M\u00f4\u017eete tak isto po\u017eiada\u0165 o vymazanie osobn\u00fdch \u00fadajov. To sa ale net\u00fdka \u00fadajov, ktor\u00e9 o v\u00e1s mus\u00edme uchov\u00e1va\u0165 z administrat\u00edvnych, pr\u00e1vnych alebo bezpe\u010dnostn\u00fdch d\u00f4vodov.<\/p>\n\n\n\n<p>Str\u00e1nka internetov\u00e9ho obchodu swissmedhemp.com nezbiera \u017eiadne inform\u00e1cie o Va\u0161om pohlav\u00ed, d\u00e1tume narodenia, krajine, \u010di mieste V\u00e1\u0161ho pobytu. Zbierame len elektronick\u00e9 \u00fadaje uveden\u00e9 vy\u0161\u0161ie (E-mailov\u00e1 adresa, IP adresa, s\u00fabory cookies). Tieto \u00fadaje s\u00fa na str\u00e1nkach swissmedhemp.com uchov\u00e1van\u00e9 po dobu 5 rokov od ich poskytnutia.<\/p>\n\n\n\n<p>V pr\u00edpade organizovania s\u00fa\u0165a\u017ee, kde je potrebn\u00e9 zada\u0165 Va\u0161e meno a e-mailov\u00fa adresu Va\u0161e \u00fadaje vyma\u017eeme do 14 dn\u00ed od ukon\u010denia s\u00fa\u0165a\u017ee. Tieto \u00fadaje nebud\u00fa v \u017eiadnom pr\u00edpade pou\u017eit\u00e9 na odosielanie newslettrov ani predan\u00e9 tret\u00edm stran\u00e1m za \u00fa\u010delom inzercie. Na zadan\u00e9 e-mailov\u00e9 adresy budeme sp\u00e4tne kontaktova\u0165 len v\u00fdhercov za \u00fa\u010delom ozn\u00e1menia a prevzatia ich v\u00fdhry.<\/p>\n\n\n\n<p><strong>Odoslan\u00edm kontaktn\u00e9ho formul\u00e1ra, e-mailu alebo vlo\u017een\u00edm koment\u00e1ra ude\u013eujem s\u00fahlas<\/strong>&nbsp;internetov\u00e9mu obchodu swissmedhemp.com so spracovan\u00edm svojich osobn\u00fdch \u00fadajov administr\u00e1torom internetov\u00e9ho obchodu swissmedhemp.com ako aj automatizovan\u00fdm syst\u00e9mom, ktor\u00e9 sa staraj\u00fa o zabezpe\u010denie webovej str\u00e1nky. V d\u00f4sledku automatizovan\u00e9ho bezpe\u010dnostn\u00e9ho syst\u00e9mu, \u010di v d\u00f4sledku z\u00e1sahu administr\u00e1tora m\u00f4\u017eu by\u0165 vybran\u00fdm n\u00e1v\u0161tevn\u00edkom spr\u00edstupnen\u00e9, \u010di obmedzen\u00e9 niektor\u00e9 funkcie z d\u00f4vodu bezpe\u010dnosti.<\/p>\n\n\n\n<p>Ako pou\u017e\u00edvate\u013e internetov\u00e9ho obchodu swissmedhemp.com \u010falej zd\u00f4raz\u0148ujem, \u017ee k mojim osobn\u00fdm \u00fadajom&nbsp;<strong>nebude ma\u0165 bez m\u00f4jho dodato\u010dn\u00e9ho s\u00fahlasu \u010di z\u00e1konnej povinnosti pr\u00edstup in\u00e1, tretia osoba<\/strong>. Tento s\u00fahlas ude\u013eujem na dobu trvania m\u00f4jho p\u00f4sobenia a pou\u017e\u00edvania internetov\u00e9ho obchodu swissmedhemp.com a to do odvolania m\u00f4jho s\u00fahlasu. S\u00fahlas m\u00e1m pr\u00e1vo odvola\u0165 kedyko\u013evek a z\u00e1rove\u0148 tak ukon\u010di\u0165 moje p\u00f4sobenie na internetovom obchode swissmedhemp.com. Odvolan\u00edm m\u00f4jho s\u00fahlasu z\u00e1rove\u0148 potvrd\u00edm zmazanie svojich \u00fadajov zo str\u00e1nky, \u010do zah\u0155\u0148a kompletn\u00e9 zmazanie koment\u00e1rov, e-mailovej komunik\u00e1cie, e-mailovej adresy a z\u00e1znamoch o IP adrese.<\/p>\n<\/div>\n<\/div><\/div>\n","protected":false},"excerpt":{"rendered":"","protected":false},"author":1,"featured_media":0,"parent":0,"menu_order":0,"comment_status":"closed","ping_status":"closed","template":"","meta":{"neve_meta_sidebar":"full-width","neve_meta_container":"","neve_meta_enable_content_width":"on","neve_meta_content_width":100,"neve_meta_title_alignment":"","neve_meta_author_avatar":"","neve_post_elements_order":"","neve_meta_disable_header":"","neve_meta_disable_footer":"","neve_meta_disable_title":"","neve_meta_reading_time":"","_themeisle_gutenberg_block_has_review":false,"footnotes":""},"class_list":["post-263","page","type-page","status-publish","hentry"],"aioseo_notices":[],"_links":{"self":[{"href":"https:\/\/www.swissmedhemp.com\/sk\/wp-json\/wp\/v2\/pages\/263","targetHints":{"allow":["GET"]}}],"collection":[{"href":"https:\/\/www.swissmedhemp.com\/sk\/wp-json\/wp\/v2\/pages"}],"about":[{"href":"https:\/\/www.swissmedhemp.com\/sk\/wp-json\/wp\/v2\/types\/page"}],"author":[{"embeddable":true,"href":"https:\/\/www.swissmedhemp.com\/sk\/wp-json\/wp\/v2\/users\/1"}],"replies":[{"embeddable":true,"href":"https:\/\/www.swissmedhemp.com\/sk\/wp-json\/wp\/v2\/comments?post=263"}],"version-history":[{"count":3,"href":"https:\/\/www.swissmedhemp.com\/sk\/wp-json\/wp\/v2\/pages\/263\/revisions"}],"predecessor-version":[{"id":3708,"href":"https:\/\/www.swissmedhemp.com\/sk\/wp-json\/wp\/v2\/pages\/263\/revisions\/3708"}],"wp:attachment":[{"href":"https:\/\/www.swissmedhemp.com\/sk\/wp-json\/wp\/v2\/media?parent=263"}],"curies":[{"name":"wp","href":"https:\/\/api.w.org\/{rel}","templated":true}]}}