{"id":129,"date":"2020-02-14T10:59:11","date_gmt":"2020-02-14T09:59:11","guid":{"rendered":"https:\/\/demosites.io\/fitness-gb\/?page_id=129"},"modified":"2023-01-02T10:48:02","modified_gmt":"2023-01-02T09:48:02","slug":"domov","status":"publish","type":"page","link":"https:\/\/www.swissmedhemp.com\/sk\/","title":{"rendered":"Domov"},"content":{"rendered":"\n<div id=\"wp-block-themeisle-blocks-advanced-columns-e1ca32e1\" class=\"wp-block-themeisle-blocks-advanced-columns alignfull has-1-columns has-desktop-equal-layout has-tablet-equal-layout has-mobile-equal-layout has-vertical-unset\"><div class=\"wp-block-themeisle-blocks-advanced-columns-overlay\"><\/div><div class=\"innerblocks-wrap\">\n<div id=\"wp-block-themeisle-blocks-advanced-column-65b5ef21\" class=\"wp-block-themeisle-blocks-advanced-column\">\n<div style=\"height:120px\" aria-hidden=\"true\" class=\"wp-block-spacer\"><\/div>\n\n\n<div class=\"wp-block-image\">\n<figure class=\"aligncenter size-large\"><img loading=\"lazy\" decoding=\"async\" width=\"300\" height=\"55\" src=\"https:\/\/www.swissmedhemp.com\/sk\/wp-content\/uploads\/sites\/2\/2021\/04\/SWISSMED-6-300x55-1.png\" alt=\"\" class=\"wp-image-239\"\/><\/figure>\n<\/div>\n\n\n<h3 class=\"has-text-align-center wp-block-heading\"><mark style=\"background-color:rgba(0, 0, 0, 0)\" class=\"has-inline-color has-nv-site-bg-color\">Pr\u00edrodn\u00e9 rie\u0161enie pre lep\u0161iu kvalitu \u017eivota<\/mark><\/h3>\n\n\n\n<div style=\"height:100px\" aria-hidden=\"true\" class=\"wp-block-spacer\"><\/div>\n<\/div>\n<\/div><\/div>\n\n\n\n<div id=\"wp-block-themeisle-blocks-advanced-columns-4f4a4941\" class=\"wp-block-themeisle-blocks-advanced-columns alignfull has-1-columns has-desktop-equal-layout has-tablet-equal-layout has-mobile-equal-layout has-vertical-unset\"><div class=\"wp-block-themeisle-blocks-advanced-columns-overlay\"><\/div><div class=\"innerblocks-wrap\">\n<div id=\"wp-block-themeisle-blocks-advanced-column-3c37991d\" class=\"wp-block-themeisle-blocks-advanced-column\">\n<div style=\"height:60px\" aria-hidden=\"true\" class=\"wp-block-spacer\"><\/div>\n\n\n\n<span id=\"wp-block-themeisle-blocks-advanced-heading-c881914f\" class=\"wp-block-themeisle-blocks-advanced-heading wp-block-themeisle-blocks-advanced-heading-c881914f\"><strong>SWISSMEDHEMP<\/strong><\/span>\n\n\n\n<h3 class=\"has-text-align-center wp-block-heading\">\u010co je CBD?<\/h3>\n\n\n\n<p class=\"has-text-align-center\"><strong>Kanabidiol (CBD) patr\u00ed do skupiny nepsychoakt\u00edvnych l\u00e1tok naz\u00fdvan\u00fdch kanabinoidy obsiahnut\u00fdch v rastline konope, ktor\u00fd st\u00e1l dlh\u00fa dobu v tieni svojho psychoakt\u00edvneho kolegu &#8211; tetrahydrokanabinolu (THC).<\/strong><\/p>\n\n\n\n<p class=\"has-text-align-center\">CBD je netoxick\u00e9 a vykazuje jedine\u010dn\u00e9 antioxida\u010dn\u00e9 vlastnosti, bez ved\u013eaj\u0161\u00edch \u00fa\u010dinkov THC. Antioxida\u010dn\u00e1 sila CBD je podstatne vy\u0161\u0161ia ako u vitam\u00ednu C alebo vitam\u00ednu E. Vedeck\u00e9 v\u00fdskumy preuk\u00e1zali, \u017ee kanabidiol chr\u00e1ni nervov\u00e9 bunky proti nedostatku kysl\u00edka a proti r\u00f4znym jedom, vr\u00e1tane otravy alkoholom, preto\u017ee spoma\u013euje bunkov\u00e9 starnutie.<\/p>\n\n\n\n<div style=\"height:59px\" aria-hidden=\"true\" class=\"wp-block-spacer\"><\/div>\n<\/div>\n<\/div><\/div>\n\n\n\n<section id=\"wp-block-themeisle-blocks-advanced-columns-e4373a2b\" class=\"wp-block-themeisle-blocks-advanced-columns alignfull has-1-columns has-desktop-equal-layout has-tablet-equal-layout has-mobile-equal-layout has-vertical-flex-start\"><div class=\"wp-block-themeisle-blocks-advanced-columns-overlay\"><\/div><div class=\"innerblocks-wrap\">\n<div id=\"wp-block-themeisle-blocks-advanced-column-0b9db5af\" class=\"wp-block-themeisle-blocks-advanced-column\">\n<section id=\"wp-block-themeisle-blocks-advanced-columns-62d68e08\" class=\"wp-block-themeisle-blocks-advanced-columns has-1-columns has-desktop-equal-layout has-tablet-equal-layout has-mobile-equal-layout has-vertical-flex-start\"><div class=\"wp-block-themeisle-blocks-advanced-columns-overlay\"><\/div><div class=\"innerblocks-wrap\">\n<div id=\"wp-block-themeisle-blocks-advanced-column-ba020b38\" class=\"wp-block-themeisle-blocks-advanced-column\">\n<div style=\"height:59px\" aria-hidden=\"true\" class=\"wp-block-spacer\"><\/div>\n\n\n\n<span id=\"wp-block-themeisle-blocks-advanced-heading-f966d336\" class=\"wp-block-themeisle-blocks-advanced-heading wp-block-themeisle-blocks-advanced-heading-f966d336\"><strong>SWISSMEDHEMP<\/strong><\/span>\n\n\n\n<h2 id=\"wp-block-themeisle-blocks-advanced-heading-6d6c2f48\" class=\"wp-block-themeisle-blocks-advanced-heading wp-block-themeisle-blocks-advanced-heading-6d6c2f48\">\u010co n\u00e1jdete v na\u0161ej ponuke?<\/h2>\n<\/div>\n<\/div><\/section>\n\n\n\n<section id=\"wp-block-themeisle-blocks-advanced-columns-6fc7adce\" class=\"wp-block-themeisle-blocks-advanced-columns has-3-columns has-desktop-equal-layout has-tablet-equal-layout has-mobile-collapsedRows-layout has-vertical-flex-start\"><div class=\"wp-block-themeisle-blocks-advanced-columns-overlay\"><\/div><div class=\"innerblocks-wrap\">\n<div id=\"wp-block-themeisle-blocks-advanced-column-25e97a9a\" class=\"wp-block-themeisle-blocks-advanced-column\">\n<div id=\"wp-block-themeisle-blocks-font-awesome-icons-d5c7d449\" class=\"wp-block-themeisle-blocks-font-awesome-icons\"><span class=\"wp-block-themeisle-blocks-font-awesome-icons-container\"><a href=\"https:\/\/www.swissmedhemp.com\/sk\/kategoria-produktu\/cbd-health\/\" target=\"_self\" rel=\"noopener noreferrer\"><i class=\"fas fa-heartbeat\"><\/i><\/a><\/span><\/div>\n\n\n\n<h4 id=\"wp-block-themeisle-blocks-advanced-heading-72a9f7c8\" class=\"wp-block-themeisle-blocks-advanced-heading wp-block-themeisle-blocks-advanced-heading-72a9f7c8\">CBD HEALTH<\/h4>\n<\/div>\n\n\n\n<div id=\"wp-block-themeisle-blocks-advanced-column-b5b3ad1c\" class=\"wp-block-themeisle-blocks-advanced-column\">\n<div id=\"wp-block-themeisle-blocks-font-awesome-icons-71995a22\" class=\"wp-block-themeisle-blocks-font-awesome-icons\"><span class=\"wp-block-themeisle-blocks-font-awesome-icons-container\"><a href=\"https:\/\/www.swissmedhemp.com\/sk\/kategoria-produktu\/cbd-sport\/\" target=\"_self\" rel=\"noopener noreferrer\"><i class=\"fas fa-running\"><\/i><\/a><\/span><\/div>\n\n\n\n<h4 id=\"wp-block-themeisle-blocks-advanced-heading-067b6e63\" class=\"wp-block-themeisle-blocks-advanced-heading wp-block-themeisle-blocks-advanced-heading-067b6e63\">CBD SPORT<\/h4>\n<\/div>\n\n\n\n<div id=\"wp-block-themeisle-blocks-advanced-column-6be03cf4\" class=\"wp-block-themeisle-blocks-advanced-column\">\n<div id=\"wp-block-themeisle-blocks-font-awesome-icons-52fbd165\" class=\"wp-block-themeisle-blocks-font-awesome-icons\"><span class=\"wp-block-themeisle-blocks-font-awesome-icons-container\"><a href=\"https:\/\/www.swissmedhemp.com\/sk\/kategoria-produktu\/cbd-pet\/\" target=\"_self\" rel=\"noopener noreferrer\"><i class=\"fas fa-dog\"><\/i><\/a><\/span><\/div>\n\n\n\n<h4 id=\"wp-block-themeisle-blocks-advanced-heading-57826d4c\" class=\"wp-block-themeisle-blocks-advanced-heading wp-block-themeisle-blocks-advanced-heading-57826d4c\">CBD PETS<\/h4>\n<\/div>\n<\/div><\/section>\n<\/div>\n<\/div><\/section>\n\n\n\n<div id=\"wp-block-themeisle-blocks-advanced-columns-f326b099\" class=\"wp-block-themeisle-blocks-advanced-columns alignfull has-1-columns has-desktop-equal-layout has-tablet-equal-layout has-mobile-equal-layout has-vertical-unset\"><div class=\"wp-block-themeisle-blocks-advanced-columns-overlay\"><\/div><div class=\"innerblocks-wrap\">\n<div id=\"wp-block-themeisle-blocks-advanced-column-2fb5b4c8\" class=\"wp-block-themeisle-blocks-advanced-column\">\n<span id=\"wp-block-themeisle-blocks-advanced-heading-35622ce5\" class=\"wp-block-themeisle-blocks-advanced-heading wp-block-themeisle-blocks-advanced-heading-35622ce5\"><br><strong>SWISSMEDHEMP<\/strong><\/span>\n\n\n\n<h3 class=\"has-text-align-center wp-block-heading\">Mo\u017en\u00fd terapeutick\u00fd \u00fa\u010dinok CBD<\/h3>\n\n\n\n<p class=\"has-text-align-center\">\u2022 Alzheimerova choroba\u2022 Parkinsonova choroba\u2022 \u010crevn\u00e9 choroby\u2022 Roztr\u00fasen\u00e1 skler\u00f3za\u2022 Schizofr\u00e9nia\u2022 Reumatizmus\u2022 Epilepsia\u2022 Diabetes\u2022 Osteopor\u00f3za\u2022 Poruchy sp\u00e1nku\u2022 Poruchy n\u00e1lad\u2022 Stres\u2022 \u00dazkos\u0165\u2022 Migr\u00e9ny\u2022 Depresia\u2022 Chronick\u00e1&nbsp; &nbsp; neuropatick\u00e1 boles\u0165\u2022 Z\u00e1vislos\u0165 na drog\u00e1ch\u2022 Alkoholizmus\u2022 Infekcie rezistentn\u00e9&nbsp;&nbsp; vo\u010di antibiotik\u00e1m\u2022 Z\u00e1paly\u2022 Ko\u017en\u00e9 ochorenia\u2022 Akn\u00e9\u2022 Artrit\u00edda\u2022 N\u00e1dorov\u00e9 ochorenia<\/p>\n<\/div>\n<\/div><\/div>\n\n\n<div data-block-name=\"woocommerce\/handpicked-products\" data-columns=\"4\" data-content-visibility=\"{&quot;title&quot;:true,&quot;price&quot;:true,&quot;rating&quot;:false,&quot;button&quot;:false}\" data-products=\"[378,387,379,388,369,386]\" class=\"wc-block-grid wp-block-handpicked-products wp-block-woocommerce-handpicked-products wc-block-handpicked-products has-4-columns has-multiple-rows alignwide\"><ul class=\"wc-block-grid__products\"><li class=\"wc-block-grid__product\">\n\t\t\t\t<a href=\"https:\/\/www.swissmedhemp.com\/sk\/produkt\/5-cbd-full-spectrum\/\" class=\"wc-block-grid__product-link\">\n\t\t\t\t\t\n\t\t\t\t\t<div class=\"wc-block-grid__product-image\"><img loading=\"lazy\" decoding=\"async\" width=\"300\" height=\"300\" src=\"https:\/\/www.swissmedhemp.com\/sk\/wp-content\/uploads\/sites\/2\/2021\/04\/swiss_front_5-300x300.jpg\" class=\"attachment-woocommerce_thumbnail size-woocommerce_thumbnail\" alt=\"5% CBD Full Spectrum\" srcset=\"https:\/\/www.swissmedhemp.com\/sk\/wp-content\/uploads\/sites\/2\/2021\/04\/swiss_front_5-300x300.jpg 300w, https:\/\/www.swissmedhemp.com\/sk\/wp-content\/uploads\/sites\/2\/2021\/04\/swiss_front_5-1024x1024.jpg 1024w, https:\/\/www.swissmedhemp.com\/sk\/wp-content\/uploads\/sites\/2\/2021\/04\/swiss_front_5-150x150.jpg 150w, https:\/\/www.swissmedhemp.com\/sk\/wp-content\/uploads\/sites\/2\/2021\/04\/swiss_front_5-768x768.jpg 768w, https:\/\/www.swissmedhemp.com\/sk\/wp-content\/uploads\/sites\/2\/2021\/04\/swiss_front_5-1536x1536.jpg 1536w, https:\/\/www.swissmedhemp.com\/sk\/wp-content\/uploads\/sites\/2\/2021\/04\/swiss_front_5-2048x2048.jpg 2048w, https:\/\/www.swissmedhemp.com\/sk\/wp-content\/uploads\/sites\/2\/2021\/04\/swiss_front_5-600x600.jpg 600w, https:\/\/www.swissmedhemp.com\/sk\/wp-content\/uploads\/sites\/2\/2021\/04\/swiss_front_5-100x100.jpg 100w\" sizes=\"auto, (max-width: 300px) 100vw, 300px\" \/><\/div>\n\t\t\t\t\t<div class=\"wc-block-grid__product-title\">5% CBD Full Spectrum<\/div>\n\t\t\t\t<\/a>\n\t\t\t\t<div class=\"wc-block-grid__product-price price\"><span class=\"woocommerce-Price-amount amount\">19.00&nbsp;<span class=\"woocommerce-Price-currencySymbol\">&euro;<\/span><\/span><\/div>\n\t\t\t\t\n\t\t\t\t\n\t\t\t<\/li><li class=\"wc-block-grid__product\">\n\t\t\t\t<a href=\"https:\/\/www.swissmedhemp.com\/sk\/produkt\/10-cbd-full-spectrum\/\" class=\"wc-block-grid__product-link\">\n\t\t\t\t\t\n\t\t\t\t\t<div class=\"wc-block-grid__product-image\"><img loading=\"lazy\" decoding=\"async\" width=\"300\" height=\"300\" src=\"https:\/\/www.swissmedhemp.com\/sk\/wp-content\/uploads\/sites\/2\/2024\/04\/21-swiss_front_10-300x300.png\" class=\"attachment-woocommerce_thumbnail size-woocommerce_thumbnail\" alt=\"10% CBD Full Spectrum\" srcset=\"https:\/\/www.swissmedhemp.com\/sk\/wp-content\/uploads\/sites\/2\/2024\/04\/21-swiss_front_10-300x300.png 300w, https:\/\/www.swissmedhemp.com\/sk\/wp-content\/uploads\/sites\/2\/2024\/04\/21-swiss_front_10-1024x1024.png 1024w, https:\/\/www.swissmedhemp.com\/sk\/wp-content\/uploads\/sites\/2\/2024\/04\/21-swiss_front_10-150x150.png 150w, https:\/\/www.swissmedhemp.com\/sk\/wp-content\/uploads\/sites\/2\/2024\/04\/21-swiss_front_10-768x768.png 768w, https:\/\/www.swissmedhemp.com\/sk\/wp-content\/uploads\/sites\/2\/2024\/04\/21-swiss_front_10-600x600.png 600w, https:\/\/www.swissmedhemp.com\/sk\/wp-content\/uploads\/sites\/2\/2024\/04\/21-swiss_front_10-100x100.png 100w, https:\/\/www.swissmedhemp.com\/sk\/wp-content\/uploads\/sites\/2\/2024\/04\/21-swiss_front_10.png 1080w\" sizes=\"auto, (max-width: 300px) 100vw, 300px\" \/><\/div>\n\t\t\t\t\t<div class=\"wc-block-grid__product-title\">10% CBD Full Spectrum<\/div>\n\t\t\t\t<\/a>\n\t\t\t\t<div class=\"wc-block-grid__product-price price\"><span class=\"woocommerce-Price-amount amount\">27.00&nbsp;<span class=\"woocommerce-Price-currencySymbol\">&euro;<\/span><\/span><\/div>\n\t\t\t\t\n\t\t\t\t\n\t\t\t<\/li><li class=\"wc-block-grid__product\">\n\t\t\t\t<a href=\"https:\/\/www.swissmedhemp.com\/sk\/produkt\/15-cbd-full-spectrum\/\" class=\"wc-block-grid__product-link\">\n\t\t\t\t\t\n\t\t\t\t\t<div class=\"wc-block-grid__product-image\"><img loading=\"lazy\" decoding=\"async\" width=\"300\" height=\"300\" src=\"https:\/\/www.swissmedhemp.com\/sk\/wp-content\/uploads\/sites\/2\/2021\/04\/swiss_front_15-300x300.jpg\" class=\"attachment-woocommerce_thumbnail size-woocommerce_thumbnail\" alt=\"15% CBD Full Spectrum\" srcset=\"https:\/\/www.swissmedhemp.com\/sk\/wp-content\/uploads\/sites\/2\/2021\/04\/swiss_front_15-300x300.jpg 300w, https:\/\/www.swissmedhemp.com\/sk\/wp-content\/uploads\/sites\/2\/2021\/04\/swiss_front_15-1024x1024.jpg 1024w, https:\/\/www.swissmedhemp.com\/sk\/wp-content\/uploads\/sites\/2\/2021\/04\/swiss_front_15-150x150.jpg 150w, https:\/\/www.swissmedhemp.com\/sk\/wp-content\/uploads\/sites\/2\/2021\/04\/swiss_front_15-768x768.jpg 768w, https:\/\/www.swissmedhemp.com\/sk\/wp-content\/uploads\/sites\/2\/2021\/04\/swiss_front_15-1536x1536.jpg 1536w, https:\/\/www.swissmedhemp.com\/sk\/wp-content\/uploads\/sites\/2\/2021\/04\/swiss_front_15-2048x2048.jpg 2048w, https:\/\/www.swissmedhemp.com\/sk\/wp-content\/uploads\/sites\/2\/2021\/04\/swiss_front_15-600x600.jpg 600w, https:\/\/www.swissmedhemp.com\/sk\/wp-content\/uploads\/sites\/2\/2021\/04\/swiss_front_15-100x100.jpg 100w\" sizes=\"auto, (max-width: 300px) 100vw, 300px\" \/><\/div>\n\t\t\t\t\t<div class=\"wc-block-grid__product-title\">15% CBD Full Spectrum<\/div>\n\t\t\t\t<\/a>\n\t\t\t\t<div class=\"wc-block-grid__product-price price\"><span class=\"woocommerce-Price-amount amount\">38.00&nbsp;<span class=\"woocommerce-Price-currencySymbol\">&euro;<\/span><\/span><\/div>\n\t\t\t\t\n\t\t\t\t\n\t\t\t<\/li><li class=\"wc-block-grid__product\">\n\t\t\t\t<a href=\"https:\/\/www.swissmedhemp.com\/sk\/produkt\/10-cbd-sport-broad-spectrum\/\" class=\"wc-block-grid__product-link\">\n\t\t\t\t\t\n\t\t\t\t\t<div class=\"wc-block-grid__product-image\"><img loading=\"lazy\" decoding=\"async\" width=\"300\" height=\"300\" src=\"https:\/\/www.swissmedhemp.com\/sk\/wp-content\/uploads\/sites\/2\/2021\/04\/sport_front_10-300x300.jpg\" class=\"attachment-woocommerce_thumbnail size-woocommerce_thumbnail\" alt=\"10% CBD Sport Broad Spectrum\" srcset=\"https:\/\/www.swissmedhemp.com\/sk\/wp-content\/uploads\/sites\/2\/2021\/04\/sport_front_10-300x300.jpg 300w, https:\/\/www.swissmedhemp.com\/sk\/wp-content\/uploads\/sites\/2\/2021\/04\/sport_front_10-1024x1024.jpg 1024w, https:\/\/www.swissmedhemp.com\/sk\/wp-content\/uploads\/sites\/2\/2021\/04\/sport_front_10-150x150.jpg 150w, https:\/\/www.swissmedhemp.com\/sk\/wp-content\/uploads\/sites\/2\/2021\/04\/sport_front_10-768x768.jpg 768w, https:\/\/www.swissmedhemp.com\/sk\/wp-content\/uploads\/sites\/2\/2021\/04\/sport_front_10-1536x1536.jpg 1536w, https:\/\/www.swissmedhemp.com\/sk\/wp-content\/uploads\/sites\/2\/2021\/04\/sport_front_10-2048x2048.jpg 2048w, https:\/\/www.swissmedhemp.com\/sk\/wp-content\/uploads\/sites\/2\/2021\/04\/sport_front_10-600x600.jpg 600w, https:\/\/www.swissmedhemp.com\/sk\/wp-content\/uploads\/sites\/2\/2021\/04\/sport_front_10-100x100.jpg 100w\" sizes=\"auto, (max-width: 300px) 100vw, 300px\" \/><\/div>\n\t\t\t\t\t<div class=\"wc-block-grid__product-title\">10% CBD Sport Broad Spectrum<\/div>\n\t\t\t\t<\/a>\n\t\t\t\t<div class=\"wc-block-grid__product-price price\"><del aria-hidden=\"true\"><span class=\"woocommerce-Price-amount amount\">27.00&nbsp;<span class=\"woocommerce-Price-currencySymbol\">&euro;<\/span><\/span><\/del> <span class=\"screen-reader-text\">P\u00f4vodn\u00e1 cena bola: 27.00&nbsp;&euro;.<\/span><ins aria-hidden=\"true\"><span class=\"woocommerce-Price-amount amount\">13.50&nbsp;<span class=\"woocommerce-Price-currencySymbol\">&euro;<\/span><\/span><\/ins><span class=\"screen-reader-text\">Aktu\u00e1lna cena je: 13.50&nbsp;&euro;.<\/span><\/div>\n\t\t\t\t\n\t\t\t\t\n\t\t\t<\/li><\/ul><\/div>\n\n\n<div style=\"height:40px\" aria-hidden=\"true\" class=\"wp-block-spacer\"><\/div>\n\n\n\n<div style=\"height:59px\" aria-hidden=\"true\" class=\"wp-block-spacer\"><\/div>\n\n\n\n<p><\/p>\n","protected":false},"excerpt":{"rendered":"","protected":false},"author":1,"featured_media":0,"parent":0,"menu_order":0,"comment_status":"closed","ping_status":"closed","template":"page-templates\/template-pagebuilder-full-width.php","meta":{"neve_meta_sidebar":"full-width","neve_meta_container":"","neve_meta_enable_content_width":"on","neve_meta_content_width":100,"neve_meta_title_alignment":"","neve_meta_author_avatar":"","neve_post_elements_order":"","neve_meta_disable_header":"","neve_meta_disable_footer":"","neve_meta_disable_title":"","neve_meta_reading_time":"","_themeisle_gutenberg_block_has_review":false,"footnotes":""},"class_list":["post-129","page","type-page","status-publish","hentry"],"aioseo_notices":[],"_links":{"self":[{"href":"https:\/\/www.swissmedhemp.com\/sk\/wp-json\/wp\/v2\/pages\/129","targetHints":{"allow":["GET"]}}],"collection":[{"href":"https:\/\/www.swissmedhemp.com\/sk\/wp-json\/wp\/v2\/pages"}],"about":[{"href":"https:\/\/www.swissmedhemp.com\/sk\/wp-json\/wp\/v2\/types\/page"}],"author":[{"embeddable":true,"href":"https:\/\/www.swissmedhemp.com\/sk\/wp-json\/wp\/v2\/users\/1"}],"replies":[{"embeddable":true,"href":"https:\/\/www.swissmedhemp.com\/sk\/wp-json\/wp\/v2\/comments?post=129"}],"version-history":[{"count":39,"href":"https:\/\/www.swissmedhemp.com\/sk\/wp-json\/wp\/v2\/pages\/129\/revisions"}],"predecessor-version":[{"id":1312,"href":"https:\/\/www.swissmedhemp.com\/sk\/wp-json\/wp\/v2\/pages\/129\/revisions\/1312"}],"wp:attachment":[{"href":"https:\/\/www.swissmedhemp.com\/sk\/wp-json\/wp\/v2\/media?parent=129"}],"curies":[{"name":"wp","href":"https:\/\/api.w.org\/{rel}","templated":true}]}}